{"id":1239,"date":"2026-04-20T11:07:36","date_gmt":"2026-04-20T09:07:36","guid":{"rendered":"https:\/\/www.port-oleron.com\/plan\/"},"modified":"2026-05-11T15:02:39","modified_gmt":"2026-05-11T13:02:39","slug":"map","status":"publish","type":"page","link":"https:\/\/www.port-oleron.com\/en\/map\/","title":{"rendered":"Port map"},"content":{"rendered":"\n<section class=\"wp-block-group gt_sliderphoto_003 has-custom-color-4-background-color has-background has-global-padding is-layout-constrained wp-container-core-group-is-layout-755203eb wp-block-group-is-layout-constrained\" style=\"margin-top:0px;margin-bottom:0px;padding-top:8rem;padding-right:5rem;padding-bottom:8rem;padding-left:5rem\">\n<div class=\"wp-block-columns are-vertically-aligned-bottom is-layout-flex wp-container-core-columns-is-layout-f9948703 wp-block-columns-is-layout-flex\" style=\"margin-top:0px;margin-bottom:0px;padding-top:0px;padding-right:0px;padding-bottom:0px;padding-left:0px\">\n<div class=\"wp-block-column is-vertically-aligned-bottom animated slideInUp is-layout-flow wp-block-column-is-layout-flow\">\n<div data-swiper=\"{&quot;speed&quot;:400,&quot;spaceBetween&quot;:16,&quot;slidesPerView&quot;:3,&quot;createElements&quot;:true,&quot;loop&quot;:true,&quot;freemode&quot;:true,&quot;navigation&quot;:{&quot;nextEl&quot;:&quot;buttonNext&quot;,&quot;prevEl&quot;:&quot;buttonPrev&quot;},&quot;pagination&quot;:{&quot;el&quot;:&quot;.swiper-pagination&quot;,&quot;dynamicBullets&quot;:true},&quot;breakpoints&quot;:[{&quot;slidesPerView&quot;:1}],&quot;autoplay&quot;:{&quot;delay&quot;:4000},&quot;effect&quot;:&quot;fade&quot;}\" class=\"wp-block-group gt-is-slider gt-is-slider-desktop has-global-padding is-layout-constrained wp-container-core-group-is-layout-ed59edec wp-block-group-is-layout-constrained\" style=\"margin-top:0px;margin-bottom:0px;padding-top:0px;padding-right:0px;padding-bottom:0px;padding-left:0px\">\n<figure class=\"wp-block-image size-full has-custom-border\"><img decoding=\"async\" width=\"1920\" height=\"1438\" src=\"https:\/\/www.port-oleron.com\/wp-content\/uploads\/2026\/04\/port-de-plaisance-a-saint-denis-doleron.jpg\" alt=\"saint denis doleron marina\" class=\"wp-image-154\" style=\"border-top-left-radius:120px;border-top-right-radius:120px;border-bottom-left-radius:120px\" srcset=\"https:\/\/www.port-oleron.com\/wp-content\/uploads\/2026\/04\/port-de-plaisance-a-saint-denis-doleron.jpg 1920w, https:\/\/www.port-oleron.com\/wp-content\/uploads\/2026\/04\/port-de-plaisance-a-saint-denis-doleron-300x225.jpg 300w, https:\/\/www.port-oleron.com\/wp-content\/uploads\/2026\/04\/port-de-plaisance-a-saint-denis-doleron-1024x767.jpg 1024w, https:\/\/www.port-oleron.com\/wp-content\/uploads\/2026\/04\/port-de-plaisance-a-saint-denis-doleron-768x575.jpg 768w, https:\/\/www.port-oleron.com\/wp-content\/uploads\/2026\/04\/port-de-plaisance-a-saint-denis-doleron-1536x1150.jpg 1536w\" sizes=\"(max-width: 1920px) 100vw, 1920px\" \/><figcaption class=\"wp-element-caption\">\u00a9\ufe0f Arthur Habudzik<\/figcaption><\/figure>\n\n\n\n<figure class=\"wp-block-image size-full has-custom-border\"><img decoding=\"async\" width=\"1920\" height=\"1280\" src=\"https:\/\/www.port-oleron.com\/wp-content\/uploads\/2026\/04\/@Arthur-Habudzik-Saint-Denis-d_Oleron-2023-95.jpg\" alt=\"@Arthur Habudzik Saint Denis d_Ol&#xE9;ron 2023 95\" class=\"wp-image-754\" style=\"border-top-left-radius:120px;border-top-right-radius:120px;border-bottom-left-radius:120px\" srcset=\"https:\/\/www.port-oleron.com\/wp-content\/uploads\/2026\/04\/@Arthur-Habudzik-Saint-Denis-d_Oleron-2023-95.jpg 1920w, https:\/\/www.port-oleron.com\/wp-content\/uploads\/2026\/04\/@Arthur-Habudzik-Saint-Denis-d_Oleron-2023-95-300x200.jpg 300w, https:\/\/www.port-oleron.com\/wp-content\/uploads\/2026\/04\/@Arthur-Habudzik-Saint-Denis-d_Oleron-2023-95-1024x683.jpg 1024w, https:\/\/www.port-oleron.com\/wp-content\/uploads\/2026\/04\/@Arthur-Habudzik-Saint-Denis-d_Oleron-2023-95-768x512.jpg 768w, https:\/\/www.port-oleron.com\/wp-content\/uploads\/2026\/04\/@Arthur-Habudzik-Saint-Denis-d_Oleron-2023-95-1536x1024.jpg 1536w\" sizes=\"(max-width: 1920px) 100vw, 1920px\" \/><figcaption class=\"wp-element-caption\">\u00a9\ufe0f Arthur Habudzik<\/figcaption><\/figure>\n<\/div>\n<\/div>\n\n\n\n<div class=\"wp-block-column is-vertically-aligned-bottom is-layout-flow wp-block-column-is-layout-flow\">\n<p class=\"slogan animated slideInDown has-gyst-variable-font-family\" style=\"font-size:clamp(2.667rem, 2.667rem + ((1vw - 0.2rem) * 4.038), 5.09rem);font-style:normal;font-weight:700;line-height:1;text-transform:uppercase\">Ol\u00e9ron starts here, on the quayside  <img decoding=\"async\" width=\"93\" height=\"69\" class=\"wp-image-180\" style=\"width: 93px;\" src=\"https:\/\/www.port-oleron.com\/wp-content\/uploads\/2026\/04\/icon-vagues-bleu-clair.svg\" alt=\"icon waves light blue\"\/><\/p>\n\n\n\n<div class=\"wp-block-group animated slideInUp has-global-padding is-layout-constrained wp-container-core-group-is-layout-ae276049 wp-block-group-is-layout-constrained\" style=\"padding-top:0px;padding-right:0px;padding-bottom:0px;padding-left:0px\">\n<h1 class=\"wp-block-heading\">Saint-Denis-d&#8217;Ol\u00e9ron port map<\/h1>\n\n\n\n<p style=\"margin-bottom:0rem\">Consult the Saint-Denis-d&#8217;Ol\u00e9ron marina <strong>map<\/strong> to easily locate <a href=\"https:\/\/www.port-oleron.com\/capitainerie-pontons\/\" data-type=\"page\" data-id=\"57\">the 12 pannes or floating pontoons (A to L)<\/a>, the <a href=\"https:\/\/www.port-oleron.com\/equipements-techniques\/\" data-type=\"page\" data-id=\"53\">harbor master&#8217;s office<\/a>, the <strong>fuel station<\/strong>, the <strong>sanitary facilities<\/strong> and all the <a href=\"https:\/\/www.port-oleron.com\/services-plaisanciers\/\" data-type=\"page\" data-id=\"65\">equipment and services<\/a> at your disposal. The <a href=\"https:\/\/www.port-oleron.com\/en\/\" data-type=\"page\" data-id=\"5\">port of Saint-Denis-d&#8217;Ol\u00e9ron<\/a> has a capacity of <strong>730 berths<\/strong>, including <strong>visitor pontoon A<\/strong> reserved for stopovers of less than 7 nights. <\/p>\n\n\n\n<div class=\"wp-block-buttons is-layout-flex wp-block-buttons-is-layout-flex\" style=\"padding-bottom:var(--wp--preset--spacing--10)\">\n<div class=\"wp-block-button\"><a class=\"wp-block-button__link has-custom-color-1-background-color has-background wp-element-button\" href=\"https:\/\/www.port-oleron.com\/wp-content\/uploads\/2026\/05\/2025-Plan-du-port-Legende.pdf\" target=\"_blank\" rel=\"noreferrer noopener\">Port map<\/a><\/div>\n<\/div>\n<\/div>\n\n\n\n<figure class=\"wp-block-image size-full has-custom-border\"><img decoding=\"async\" width=\"1920\" height=\"1438\" src=\"https:\/\/www.port-oleron.com\/wp-content\/uploads\/2026\/04\/port-de-plaisance-en-charente-maritime-1.jpg\" alt=\"marina in charente maritime\" class=\"wp-image-346\" style=\"border-top-left-radius:120px;border-top-right-radius:120px;border-bottom-right-radius:120px\" srcset=\"https:\/\/www.port-oleron.com\/wp-content\/uploads\/2026\/04\/port-de-plaisance-en-charente-maritime-1.jpg 1920w, https:\/\/www.port-oleron.com\/wp-content\/uploads\/2026\/04\/port-de-plaisance-en-charente-maritime-1-300x225.jpg 300w, https:\/\/www.port-oleron.com\/wp-content\/uploads\/2026\/04\/port-de-plaisance-en-charente-maritime-1-1024x767.jpg 1024w, https:\/\/www.port-oleron.com\/wp-content\/uploads\/2026\/04\/port-de-plaisance-en-charente-maritime-1-768x575.jpg 768w, https:\/\/www.port-oleron.com\/wp-content\/uploads\/2026\/04\/port-de-plaisance-en-charente-maritime-1-1536x1150.jpg 1536w\" sizes=\"(max-width: 1920px) 100vw, 1920px\" \/><figcaption class=\"wp-element-caption\">\u00a9\ufe0f Arthur Habudzik<\/figcaption><\/figure>\n<\/div>\n<\/div>\n<\/section>\n\n<section class=\"wp-block-group section-simple-banner has-custom-color-4-background-color has-background has-global-padding is-layout-constrained wp-container-core-group-is-layout-ed59edec wp-block-group-is-layout-constrained\" style=\"margin-top:0px;margin-bottom:0px;padding-top:0px;padding-right:0px;padding-bottom:0px;padding-left:0px\">\n<div class=\"wp-block-group content has-custom-color-1-background-color has-background has-global-padding is-layout-constrained wp-container-core-group-is-layout-6e278c7d wp-block-group-is-layout-constrained\" style=\"border-top-left-radius:176px;margin-top:0px;margin-bottom:0px;padding-top:8rem;padding-right:10rem;padding-bottom:4rem;padding-left:10rem\">\n<div class=\"wp-block-columns are-vertically-aligned-bottom is-layout-flex wp-container-core-columns-is-layout-6b55abd5 wp-block-columns-is-layout-flex\" style=\"margin-top:0px;margin-bottom:0px\">\n<div class=\"wp-block-column is-vertically-aligned-bottom is-layout-flow wp-block-column-is-layout-flow\">\n<figure class=\"wp-block-image size-large\"><img decoding=\"async\" width=\"93\" height=\"69\" src=\"https:\/\/www.port-oleron.com\/wp-content\/uploads\/2026\/04\/icon-vagues-bleu-clair.svg\" alt=\"icon waves light blue\" class=\"wp-image-180\"\/><\/figure>\n\n\n\n<p class=\"slogan has-base-2-color has-text-color has-link-color has-gyst-variable-font-family wp-elements-67fabec5d755b6911ce441e5192e6915\" style=\"margin-top:0px;margin-bottom:0px;font-size:clamp(2.908rem, 2.908rem + ((1vw - 0.2rem) * 4.62), 5.68rem);font-style:normal;font-weight:700;line-height:1;text-transform:uppercase\">Port map<\/p>\n<\/div>\n\n\n\n<div class=\"wp-block-column is-vertically-aligned-bottom is-layout-flow wp-block-column-is-layout-flow\">\n<h2 class=\"wp-block-heading has-base-2-color has-text-color has-link-color wp-elements-d44e13280002213e58d21d2e4d3c510a\">French port map<\/h2>\n\n\n\n<p class=\"has-base-2-color has-text-color has-link-color wp-elements-da079d806131076a8daa7175a81a8410\">The map below shows the location of each harbor facility: pontoons, <strong>careening area<\/strong>, <strong>slipways<\/strong>, <a href=\"https:\/\/www.port-oleron.com\/commerces\/\" data-type=\"page\" data-id=\"89\">commercial area<\/a>, onshore <strong>parking<\/strong> and access to <strong>sanitary facilities<\/strong>. Use it to prepare for your arrival or to orientate yourself once docked.<\/p>\n\n\n\n<h2 class=\"wp-block-heading has-base-2-color has-text-color has-link-color wp-elements-416b8644cac57521f7f69a5120d58c0e\">English map: Saint-Denis-d&#8217;Ol\u00e9ron marina<\/h2>\n\n\n\n<p class=\"has-base-2-color has-text-color has-link-color wp-elements-c3adf3eebaa8e2a0a1b3c54eee975ec2\">The map below will help you locate the main facilities of the marina: <strong>pontoons<\/strong>, <strong>fuel station<\/strong>, <strong>visitor berth (pontoon A)<\/strong>, <strong>harbour office<\/strong>, <strong>boatyard<\/strong> and <strong>sanitary blocks<\/strong>. Use it to plan your stopover or find your way around the port upon arrival.<\/p>\n<\/div>\n<\/div>\n<\/div>\n\n\n\n<div data-swiper=\"{&quot;speed&quot;:1000,&quot;autoplay&quot;:{&quot;delay&quot;:5000,&quot;disableOnInteraction&quot;:false},&quot;spaceBetween&quot;:0,&quot;slidesPerView&quot;:1,&quot;pagination&quot;:{&quot;el&quot;:&quot;.swiper-pagination&quot;,&quot;dynamicBullets&quot;:true,&quot;clickable&quot;:true,&quot;type&quot;:&quot;bullets&quot;},&quot;navigation&quot;:{&quot;nextEl&quot;:&quot;.swiper-button-next&quot;,&quot;prevEl&quot;:&quot;.swiper-button-prev&quot;},&quot;breakpoints&quot;:[{&quot;slidesPerView&quot;:1}]}\" class=\"wp-block-cover is-light\" style=\"border-bottom-left-radius:120px;border-bottom-right-radius:120px;margin-top:-1px;margin-bottom:-1px;padding-top:0px;padding-right:0px;padding-bottom:0px;padding-left:0px;min-height:1908px;aspect-ratio:unset;\"><img decoding=\"async\" width=\"1112\" height=\"1517\" class=\"wp-block-cover__image-background wp-image-1118 size-full\" alt=\"2025 Plan du port Le\u0301gende zoom\" src=\"https:\/\/www.port-oleron.com\/wp-content\/uploads\/2026\/05\/2025-Plan-du-port-Legende-zoom.jpg\" data-object-fit=\"cover\" srcset=\"https:\/\/www.port-oleron.com\/wp-content\/uploads\/2026\/05\/2025-Plan-du-port-Legende-zoom.jpg 1112w, https:\/\/www.port-oleron.com\/wp-content\/uploads\/2026\/05\/2025-Plan-du-port-Legende-zoom-220x300.jpg 220w, https:\/\/www.port-oleron.com\/wp-content\/uploads\/2026\/05\/2025-Plan-du-port-Legende-zoom-751x1024.jpg 751w, https:\/\/www.port-oleron.com\/wp-content\/uploads\/2026\/05\/2025-Plan-du-port-Legende-zoom-768x1048.jpg 768w\" sizes=\"(max-width: 1112px) 100vw, 1112px\" \/><span aria-hidden=\"true\" class=\"wp-block-cover__background has-background-dim-0 has-background-dim\" style=\"background-color:#8da69f\"><\/span><div class=\"wp-block-cover__inner-container has-global-padding is-layout-constrained wp-container-core-cover-is-layout-e7a663f7 wp-block-cover-is-layout-constrained\">\n<p class=\"has-text-align-center has-large-font-size\"><\/p>\n<\/div><\/div>\n<\/section>\n\n<p><\/p>\n\n<div class=\"wp-block-buttons is-content-justification-center is-layout-flex wp-container-core-buttons-is-layout-ecbad910 wp-block-buttons-is-layout-flex\" style=\"padding-top:var(--wp--preset--spacing--20);padding-bottom:var(--wp--preset--spacing--20)\">\n<div class=\"wp-block-button\"><a class=\"wp-block-button__link has-custom-color-1-background-color has-background wp-element-button\" href=\"https:\/\/www.port-oleron.com\/wp-content\/uploads\/2026\/05\/2025-Plan-du-port-Legende.pdf\" target=\"_blank\" rel=\"noreferrer noopener\">Download map<\/a><\/div>\n<\/div>\n\n<section class=\"wp-block-group section-maillage has-global-padding is-layout-constrained wp-container-core-group-is-layout-991fbe71 wp-block-group-is-layout-constrained\" style=\"margin-top:0px;margin-bottom:0px;padding-top:8rem;padding-right:5rem;padding-bottom:8rem;padding-left:5rem\">\n<p class=\"has-text-align-center slogan has-gyst-variable-font-family\" style=\"font-size:clamp(1.743rem, 1.743rem + ((1vw - 0.2rem) * 2.095), 3rem);font-style:normal;font-weight:700;line-height:1;text-transform:uppercase\">Discover the port <br\/>of saint denis d&#8217;ol\u00e9ron  <img decoding=\"async\" width=\"50\" height=\"37\" class=\"wp-image-180\" style=\"width: 50px;\" src=\"https:\/\/www.port-oleron.com\/wp-content\/uploads\/2026\/04\/icon-vagues-bleu-clair.svg\" alt=\"icon waves light blue\"\/><\/p>\n\n\n\n<div data-swiper=\"{&quot;speed&quot;:400,&quot;spaceBetween&quot;:16,&quot;slidesPerView&quot;:3,&quot;createElements&quot;:true,&quot;loop&quot;:true,&quot;freemode&quot;:true,&quot;navigation&quot;:false,&quot;pagination&quot;:{&quot;el&quot;:&quot;.swiper-pagination&quot;,&quot;dynamicBullets&quot;:true},&quot;breakpoints&quot;:{&quot;0&quot;:{&quot;slidesPerView&quot;:1},&quot;768&quot;:{&quot;slidesPerView&quot;:2},&quot;1400&quot;:{&quot;slidesPerView&quot;:3}},&quot;autoplay&quot;:{&quot;delay&quot;:3000,&quot;disableOnInteraction&quot;:false}}\" data-wp-context=\"{}\" data-wp-interactive=\"core\/query\" data-wp-key=\"0\" data-wp-router-region=\"query-0\" class=\"wp-block-query alignwide gt-fse-maillage-query gt-is-slider gt-is-slider-desktop is-layout-flow wp-block-query-is-layout-flow\"><ul class=\"columns-3 wp-block-post-template is-layout-grid wp-container-core-post-template-is-layout-6d3fbd8f wp-block-post-template-is-layout-grid\"><li data-wp-key=\"post-template-item-1251\" class=\"wp-block-post post-1251 page type-page status-publish has-post-thumbnail hentry\">\n<a href=\"https:\/\/www.port-oleron.com\/en\/fishing-trips\/\"    class=\"wp-block-tiptip-hyperlink-group-block\" >\n<div data-maillage-alt=\"Fishing and sailing\" data-maillage-src=\"https:\/\/www.port-oleron.com\/wp-content\/uploads\/2026\/04\/filet-peche-manutention-port-oleron-scaled.jpeg\" data-swiper=\"{&quot;speed&quot;:1000,&quot;autoplay&quot;:{&quot;delay&quot;:5000,&quot;disableOnInteraction&quot;:false},&quot;spaceBetween&quot;:0,&quot;slidesPerView&quot;:1,&quot;pagination&quot;:{&quot;el&quot;:&quot;.swiper-pagination&quot;,&quot;dynamicBullets&quot;:true,&quot;clickable&quot;:true,&quot;type&quot;:&quot;bullets&quot;},&quot;navigation&quot;:{&quot;nextEl&quot;:&quot;.swiper-button-next&quot;,&quot;prevEl&quot;:&quot;.swiper-button-prev&quot;},&quot;breakpoints&quot;:[{&quot;slidesPerView&quot;:1}]}\" class=\"wp-block-cover is-light gt-use-post-maillage-meta has-aspect-ratio gt-has-maillage-image\" style=\"border-top-left-radius:120px;border-top-right-radius:120px;border-bottom-right-radius:120px;margin-top:0px;margin-bottom:0px;padding-top:0px;padding-right:0px;padding-bottom:0px;padding-left:0px;aspect-ratio:4\/3;min-height:unset;background-image:url(https:\/\/www.port-oleron.com\/wp-content\/uploads\/2026\/04\/filet-peche-manutention-port-oleron-scaled.jpeg);background-size:cover;background-position:50% 50%;\"><span aria-hidden=\"true\" class=\"wp-block-cover__background has-background-dim-30 has-background-dim\"><\/span><div class=\"wp-block-cover__inner-container has-global-padding is-layout-constrained wp-container-core-cover-is-layout-8fefdfe2 wp-block-cover-is-layout-constrained\">\n<p class=\"has-text-align-center has-base-2-color has-text-color has-link-color wp-elements-34081e399174f3a9edc928de347db4b3\" style=\"font-size:clamp(0.984rem, 0.984rem + ((1vw - 0.2rem) * 0.86), 1.5rem);\">Fishing and sailing<\/p>\n<\/div><\/div>\n<\/a>\n<\/li><li data-wp-key=\"post-template-item-1287\" class=\"wp-block-post post-1287 page type-page status-publish has-post-thumbnail hentry\">\n<a href=\"https:\/\/www.port-oleron.com\/en\/boat-access-stop\/\"    class=\"wp-block-tiptip-hyperlink-group-block\" >\n<div data-maillage-alt=\"Your stopover in Ol\u00e9ron\" data-maillage-src=\"https:\/\/www.port-oleron.com\/wp-content\/uploads\/2026\/04\/\u00a9\ufe0f-Arthur-Habudzik-phare-oleron-escale.jpg\" data-swiper=\"{&quot;speed&quot;:1000,&quot;autoplay&quot;:{&quot;delay&quot;:5000,&quot;disableOnInteraction&quot;:false},&quot;spaceBetween&quot;:0,&quot;slidesPerView&quot;:1,&quot;pagination&quot;:{&quot;el&quot;:&quot;.swiper-pagination&quot;,&quot;dynamicBullets&quot;:true,&quot;clickable&quot;:true,&quot;type&quot;:&quot;bullets&quot;},&quot;navigation&quot;:{&quot;nextEl&quot;:&quot;.swiper-button-next&quot;,&quot;prevEl&quot;:&quot;.swiper-button-prev&quot;},&quot;breakpoints&quot;:[{&quot;slidesPerView&quot;:1}]}\" class=\"wp-block-cover is-light gt-use-post-maillage-meta has-aspect-ratio gt-has-maillage-image\" style=\"border-top-left-radius:120px;border-top-right-radius:120px;border-bottom-right-radius:120px;margin-top:0px;margin-bottom:0px;padding-top:0px;padding-right:0px;padding-bottom:0px;padding-left:0px;aspect-ratio:4\/3;min-height:unset;background-image:url(https:\/\/www.port-oleron.com\/wp-content\/uploads\/2026\/04\/\u00a9\ufe0f-Arthur-Habudzik-phare-oleron-escale.jpg);background-size:cover;background-position:50% 50%;\"><span aria-hidden=\"true\" class=\"wp-block-cover__background has-background-dim-30 has-background-dim\"><\/span><div class=\"wp-block-cover__inner-container has-global-padding is-layout-constrained wp-container-core-cover-is-layout-8fefdfe2 wp-block-cover-is-layout-constrained\">\n<p class=\"has-text-align-center has-base-2-color has-text-color has-link-color wp-elements-34081e399174f3a9edc928de347db4b3\" style=\"font-size:clamp(0.984rem, 0.984rem + ((1vw - 0.2rem) * 0.86), 1.5rem);\">Your stopover<\/p>\n<\/div><\/div>\n<\/a>\n<\/li><li data-wp-key=\"post-template-item-1288\" class=\"wp-block-post post-1288 page type-page status-publish has-post-thumbnail hentry\">\n<a href=\"https:\/\/www.port-oleron.com\/en\/boating-services\/\"    class=\"wp-block-tiptip-hyperlink-group-block\" >\n<div data-maillage-alt=\"port services\" data-maillage-src=\"https:\/\/www.port-oleron.com\/wp-content\/uploads\/2026\/04\/\u00a9\ufe0f-Arthur-Habudzik-services-tennis.jpg\" data-swiper=\"{&quot;speed&quot;:1000,&quot;autoplay&quot;:{&quot;delay&quot;:5000,&quot;disableOnInteraction&quot;:false},&quot;spaceBetween&quot;:0,&quot;slidesPerView&quot;:1,&quot;pagination&quot;:{&quot;el&quot;:&quot;.swiper-pagination&quot;,&quot;dynamicBullets&quot;:true,&quot;clickable&quot;:true,&quot;type&quot;:&quot;bullets&quot;},&quot;navigation&quot;:{&quot;nextEl&quot;:&quot;.swiper-button-next&quot;,&quot;prevEl&quot;:&quot;.swiper-button-prev&quot;},&quot;breakpoints&quot;:[{&quot;slidesPerView&quot;:1}]}\" class=\"wp-block-cover is-light gt-use-post-maillage-meta has-aspect-ratio gt-has-maillage-image\" style=\"border-top-left-radius:120px;border-top-right-radius:120px;border-bottom-right-radius:120px;margin-top:0px;margin-bottom:0px;padding-top:0px;padding-right:0px;padding-bottom:0px;padding-left:0px;aspect-ratio:4\/3;min-height:unset;background-image:url(https:\/\/www.port-oleron.com\/wp-content\/uploads\/2026\/04\/\u00a9\ufe0f-Arthur-Habudzik-services-tennis.jpg);background-size:cover;background-position:50% 50%;\"><span aria-hidden=\"true\" class=\"wp-block-cover__background has-background-dim-30 has-background-dim\"><\/span><div class=\"wp-block-cover__inner-container has-global-padding is-layout-constrained wp-container-core-cover-is-layout-8fefdfe2 wp-block-cover-is-layout-constrained\">\n<p class=\"has-text-align-center has-base-2-color has-text-color has-link-color wp-elements-34081e399174f3a9edc928de347db4b3\" style=\"font-size:clamp(0.984rem, 0.984rem + ((1vw - 0.2rem) * 0.86), 1.5rem);\">Port services<\/p>\n<\/div><\/div>\n<\/a>\n<\/li><\/ul><\/div>\n<\/section>\n","protected":false},"excerpt":{"rendered":"<p>Ol\u00e9ron starts here, on the quayside Saint-Denis-d&#8217;Ol\u00e9ron port map Consult the Saint-Denis-d&#8217;Ol\u00e9ron marina map to easily locate the 12 pannes or floating pontoons (A to L), the harbor master&#8217;s office, the fuel station, the sanitary facilities and all the equipment and services at your disposal. The port of Saint-Denis-d&#8217;Ol\u00e9ron has a capacity of 730 berths, [&hellip;]<\/p>\n","protected":false},"author":1,"featured_media":765,"parent":0,"menu_order":0,"comment_status":"closed","ping_status":"closed","template":"","meta":{"_seopress_robots_primary_cat":"","_seopress_titles_title":"Saint-Denis-d'Ol\u00e9ron marina map","_seopress_titles_desc":"Explore the port of Saint-Denis-d'Ol\u00e9ron with our detailed map to navigate between the 12 pontoons and services. Plan your arrival now! ","_seopress_robots_index":"","_seopress_analysis_target_kw":"","inline_featured_image":false,"gt_fse_maillage_image":"https:\/\/www.port-oleron.com\/wp-content\/uploads\/2026\/04\/@Arthur-Habudzik-Saint-Denis-Oleron-plan.jpg","gt_fse_maillage_titre":"Port map","gt_fse_maillage_alt":"Port map","gt_fse_maillage_resume":"","footnotes":""},"categories":[],"tags":[],"class_list":["post-1239","page","type-page","status-publish","has-post-thumbnail","hentry"],"_links":{"self":[{"href":"https:\/\/www.port-oleron.com\/en\/wp-json\/wp\/v2\/pages\/1239","targetHints":{"allow":["GET"]}}],"collection":[{"href":"https:\/\/www.port-oleron.com\/en\/wp-json\/wp\/v2\/pages"}],"about":[{"href":"https:\/\/www.port-oleron.com\/en\/wp-json\/wp\/v2\/types\/page"}],"author":[{"embeddable":true,"href":"https:\/\/www.port-oleron.com\/en\/wp-json\/wp\/v2\/users\/1"}],"replies":[{"embeddable":true,"href":"https:\/\/www.port-oleron.com\/en\/wp-json\/wp\/v2\/comments?post=1239"}],"version-history":[{"count":4,"href":"https:\/\/www.port-oleron.com\/en\/wp-json\/wp\/v2\/pages\/1239\/revisions"}],"predecessor-version":[{"id":1244,"href":"https:\/\/www.port-oleron.com\/en\/wp-json\/wp\/v2\/pages\/1239\/revisions\/1244"}],"wp:featuredmedia":[{"embeddable":true,"href":"https:\/\/www.port-oleron.com\/en\/wp-json\/wp\/v2\/media\/765"}],"wp:attachment":[{"href":"https:\/\/www.port-oleron.com\/en\/wp-json\/wp\/v2\/media?parent=1239"}],"wp:term":[{"taxonomy":"category","embeddable":true,"href":"https:\/\/www.port-oleron.com\/en\/wp-json\/wp\/v2\/categories?post=1239"},{"taxonomy":"post_tag","embeddable":true,"href":"https:\/\/www.port-oleron.com\/en\/wp-json\/wp\/v2\/tags?post=1239"}],"curies":[{"name":"wp","href":"https:\/\/api.w.org\/{rel}","templated":true}]}}