{"id":1246,"date":"2026-04-17T11:36:54","date_gmt":"2026-04-17T09:36:54","guid":{"rendered":"https:\/\/www.port-oleron.com\/base-nautique\/"},"modified":"2026-05-11T15:10:18","modified_gmt":"2026-05-11T13:10:18","slug":"water-sports-centre","status":"publish","type":"page","link":"https:\/\/www.port-oleron.com\/en\/water-sports-centre\/","title":{"rendered":"Nautical base"},"content":{"rendered":"\n<section class=\"wp-block-group gt_sliderphoto_003 has-custom-color-4-background-color has-background has-global-padding is-layout-constrained wp-container-core-group-is-layout-755203eb wp-block-group-is-layout-constrained\" style=\"margin-top:0px;margin-bottom:0px;padding-top:8rem;padding-right:5rem;padding-bottom:8rem;padding-left:5rem\">\n<div class=\"wp-block-columns are-vertically-aligned-bottom is-layout-flex wp-container-core-columns-is-layout-f9948703 wp-block-columns-is-layout-flex\" style=\"margin-top:0px;margin-bottom:0px;padding-top:0px;padding-right:0px;padding-bottom:0px;padding-left:0px\">\n<div class=\"wp-block-column is-vertically-aligned-bottom animated slideInUp is-layout-flow wp-block-column-is-layout-flow\">\n<div data-swiper=\"{&quot;speed&quot;:400,&quot;spaceBetween&quot;:16,&quot;slidesPerView&quot;:3,&quot;createElements&quot;:true,&quot;loop&quot;:true,&quot;freemode&quot;:true,&quot;navigation&quot;:{&quot;nextEl&quot;:&quot;buttonNext&quot;,&quot;prevEl&quot;:&quot;buttonPrev&quot;},&quot;pagination&quot;:{&quot;el&quot;:&quot;.swiper-pagination&quot;,&quot;dynamicBullets&quot;:true},&quot;breakpoints&quot;:[{&quot;slidesPerView&quot;:1}],&quot;autoplay&quot;:{&quot;delay&quot;:4000},&quot;effect&quot;:&quot;fade&quot;}\" class=\"wp-block-group gt-is-slider gt-is-slider-desktop has-global-padding is-layout-constrained wp-container-core-group-is-layout-ed59edec wp-block-group-is-layout-constrained\" style=\"margin-top:0px;margin-bottom:0px;padding-top:0px;padding-right:0px;padding-bottom:0px;padding-left:0px\">\n<figure class=\"wp-block-image size-full has-custom-border\"><img decoding=\"async\" src=\"https:\/\/www.port-oleron.com\/wp-content\/uploads\/2026\/04\/&#xA9;&#xFE0F;-Arthur-Habudzik-voilier-base-nautique.jpg\" alt=\"&#xA9;&#xFE0F; Arthur Habudzik sailboat nautical base\" class=\"wp-image-1017\" style=\"border-top-left-radius:120px;border-top-right-radius:120px;border-bottom-left-radius:120px\"\/><figcaption class=\"wp-element-caption\">\u00a9\ufe0f Arthur Habudzik<\/figcaption><\/figure>\n\n\n\n<figure class=\"wp-block-image size-full has-custom-border\"><img decoding=\"async\" src=\"https:\/\/www.port-oleron.com\/wp-content\/uploads\/2026\/04\/&#xA9;&#xFE0F;-Arthur-Habudzik-voiliers-base-nautique.jpg\" alt=\"&#xA9;&#xFE0F; Arthur Habudzik sailboats nautical base\" class=\"wp-image-1019\" style=\"border-top-left-radius:120px;border-top-right-radius:120px;border-bottom-left-radius:120px\"\/><figcaption class=\"wp-element-caption\">\u00a9\ufe0f Arthur Habudzik<\/figcaption><\/figure>\n<\/div>\n<\/div>\n\n\n\n<div class=\"wp-block-column is-vertically-aligned-bottom is-layout-flow wp-block-column-is-layout-flow\">\n<p class=\"slogan animated slideInDown has-gyst-variable-font-family\" style=\"font-size:clamp(2.667rem, 2.667rem + ((1vw - 0.2rem) * 4.038), 5.09rem);font-style:normal;font-weight:700;line-height:1;text-transform:uppercase\">The nautical base  <img decoding=\"async\" width=\"93\" height=\"69\" class=\"wp-image-180\" style=\"width: 93px;\" src=\"https:\/\/www.port-oleron.com\/wp-content\/uploads\/2026\/04\/icon-vagues-bleu-clair.svg\" alt=\"icon waves light blue\"\/><\/p>\n\n\n\n<div class=\"wp-block-group animated slideInUp has-global-padding is-layout-constrained wp-container-core-group-is-layout-ae276049 wp-block-group-is-layout-constrained\" style=\"padding-top:0px;padding-right:0px;padding-bottom:0px;padding-left:0px\">\n<h1 class=\"wp-block-heading\">Nautical base and sailing school<\/h1>\n\n\n\n<p style=\"margin-bottom:3rem\">The <strong>\u00c9ric Tabarly nautical base<\/strong>, located in the heart of the <a href=\"https:\/\/www.port-oleron.com\/en\/\" data-type=\"page\" data-id=\"5\">Saint-Denis-d&#8217;Ol\u00e9ron marina<\/a>, is home to the <strong>Yacht Club d&#8217;Ol\u00e9ron (YCO)<\/strong>, an <strong>FFV-certified<\/strong> sailing school and <strong>1\u02b3\u1d49 sailing school in Nouvelle-Aquitaine<\/strong>. With over <strong>1,200 trainees a year<\/strong>, the YCO is a key player in the nautical life of the <a href=\"https:\/\/www.port-oleron.com\/en\/\" data-type=\"page\" data-id=\"5\" target=\"_blank\" rel=\"noreferrer noopener nofollow\">port of Saint-Denis-d&#8217;Ol\u00e9ron<\/a>. <\/p>\n<\/div>\n\n\n\n<figure class=\"wp-block-image size-full has-custom-border\"><img decoding=\"async\" src=\"https:\/\/www.port-oleron.com\/wp-content\/uploads\/2026\/04\/plage-au-petit-matin&#xA9;&#xFE0F;-Arthur-Habudzik-e1777362407792.jpg\" alt=\"beach at matin&#xA9;&#xFE0F; Arthur Habudzik\" class=\"wp-image-1025\" style=\"border-top-left-radius:120px;border-top-right-radius:120px;border-bottom-right-radius:120px\"\/><figcaption class=\"wp-element-caption\">\u00a9\ufe0f Arthur Habudzik<\/figcaption><\/figure>\n<\/div>\n<\/div>\n<\/section>\n\n<section class=\"wp-block-group section-simple-banner has-custom-color-4-background-color has-background has-global-padding is-layout-constrained wp-container-core-group-is-layout-ed59edec wp-block-group-is-layout-constrained\" style=\"margin-top:0px;margin-bottom:0px;padding-top:0px;padding-right:0px;padding-bottom:0px;padding-left:0px\">\n<div class=\"wp-block-group content has-custom-color-1-background-color has-background has-global-padding is-layout-constrained wp-container-core-group-is-layout-6e278c7d wp-block-group-is-layout-constrained\" style=\"border-top-left-radius:176px;margin-top:0px;margin-bottom:0px;padding-top:8rem;padding-right:10rem;padding-bottom:4rem;padding-left:10rem\">\n<div class=\"wp-block-columns are-vertically-aligned-bottom is-layout-flex wp-container-core-columns-is-layout-6b55abd5 wp-block-columns-is-layout-flex\" style=\"margin-top:0px;margin-bottom:0px\">\n<div class=\"wp-block-column is-vertically-aligned-bottom is-layout-flow wp-block-column-is-layout-flow\">\n<figure class=\"wp-block-image size-large\"><img decoding=\"async\" width=\"93\" height=\"69\" src=\"https:\/\/www.port-oleron.com\/wp-content\/uploads\/2026\/04\/icon-vagues-bleu-clair.svg\" alt=\"icon waves light blue\" class=\"wp-image-180\"\/><\/figure>\n\n\n\n<p class=\"slogan has-base-2-color has-text-color has-link-color has-gyst-variable-font-family wp-elements-e1af3ae7b6ada3e85ba3f271071d819d\" style=\"margin-top:0px;margin-bottom:0px;font-size:clamp(2.908rem, 2.908rem + ((1vw - 0.2rem) * 4.62), 5.68rem);font-style:normal;font-weight:700;line-height:1;text-transform:uppercase\">Activities<\/p>\n<\/div>\n\n\n\n<div class=\"wp-block-column is-vertically-aligned-bottom is-layout-flow wp-block-column-is-layout-flow\">\n<p class=\"has-base-2-color has-text-color has-link-color wp-elements-29554a8774b8a2d04b23d39592ddeadd\"><strong>Suggested activities<\/strong><\/p>\n\n\n\n<p class=\"has-base-2-color has-text-color has-link-color wp-elements-7eb6f1651a6e946ea844c2a17aeeef1c\">The YCO offers a wide range of <strong>workshops and courses<\/strong> accessible to <strong>all ages from 5 upwards<\/strong>:<\/p>\n\n\n\n<ul class=\"wp-block-list has-base-2-color has-text-color has-link-color wp-elements-23aba0a5d719dfcbfe832ba9ce85f7d9\">\n<li class=\"has-base-2-color has-text-color has-link-color wp-elements-27885d08d4847b85e7882c509924d3a5\"><strong>Catamaran<\/strong>, <strong>windsurfing<\/strong>, <strong>dinghy<\/strong> (optimist), <strong>liveaboard<\/strong><\/li>\n\n\n\n<li><strong>Boating license<\/strong><\/li>\n\n\n\n<li><strong>Private lessons<\/strong> and <strong>equipment rental<\/strong><\/li>\n\n\n\n<li><strong>Free sailing<\/strong><\/li>\n<\/ul>\n\n\n\n<p class=\"has-base-2-color has-text-color has-link-color wp-elements-d6a44609809af58d384f52d29b943a57\"><strong>Weekly courses<\/strong> are also organized on Wednesdays and Saturdays for residents: optimist for children, windsurfing and liveaboard training for teenagers.<\/p>\n<\/div>\n<\/div>\n<\/div>\n\n\n\n<div data-swiper=\"{&quot;speed&quot;:1000,&quot;autoplay&quot;:{&quot;delay&quot;:5000,&quot;disableOnInteraction&quot;:false},&quot;spaceBetween&quot;:0,&quot;slidesPerView&quot;:1,&quot;pagination&quot;:{&quot;el&quot;:&quot;.swiper-pagination&quot;,&quot;dynamicBullets&quot;:true,&quot;clickable&quot;:true,&quot;type&quot;:&quot;bullets&quot;},&quot;navigation&quot;:{&quot;nextEl&quot;:&quot;.swiper-button-next&quot;,&quot;prevEl&quot;:&quot;.swiper-button-prev&quot;},&quot;breakpoints&quot;:[{&quot;slidesPerView&quot;:1}]}\" class=\"wp-block-cover is-light\" style=\"border-bottom-left-radius:120px;border-bottom-right-radius:120px;margin-top:-1px;margin-bottom:-1px;padding-top:0px;padding-right:0px;padding-bottom:0px;padding-left:0px;min-height:600px;aspect-ratio:unset;\"><img decoding=\"async\" width=\"1920\" height=\"1280\" class=\"wp-block-cover__image-background wp-image-1013 size-full\" alt=\"\u00a9\ufe0f Arthur Habudzik e\u0301cole voile base nautique eric tabarly ole\u0301ron\" src=\"https:\/\/www.port-oleron.com\/wp-content\/uploads\/2026\/04\/\u00a9\ufe0f-Arthur-Habudzik-ecole-voile-base-nautique-eric-tabarly-oleron.jpg\" data-object-fit=\"cover\" srcset=\"https:\/\/www.port-oleron.com\/wp-content\/uploads\/2026\/04\/\u00a9\ufe0f-Arthur-Habudzik-ecole-voile-base-nautique-eric-tabarly-oleron.jpg 1920w, https:\/\/www.port-oleron.com\/wp-content\/uploads\/2026\/04\/\u00a9\ufe0f-Arthur-Habudzik-ecole-voile-base-nautique-eric-tabarly-oleron-300x200.jpg 300w, https:\/\/www.port-oleron.com\/wp-content\/uploads\/2026\/04\/\u00a9\ufe0f-Arthur-Habudzik-ecole-voile-base-nautique-eric-tabarly-oleron-1024x683.jpg 1024w, https:\/\/www.port-oleron.com\/wp-content\/uploads\/2026\/04\/\u00a9\ufe0f-Arthur-Habudzik-ecole-voile-base-nautique-eric-tabarly-oleron-768x512.jpg 768w, https:\/\/www.port-oleron.com\/wp-content\/uploads\/2026\/04\/\u00a9\ufe0f-Arthur-Habudzik-ecole-voile-base-nautique-eric-tabarly-oleron-1536x1024.jpg 1536w\" sizes=\"(max-width: 1920px) 100vw, 1920px\" \/><span aria-hidden=\"true\" class=\"wp-block-cover__background has-background-dim-0 has-background-dim\" style=\"background-color:#abaebb\"><\/span><div class=\"wp-block-cover__inner-container has-global-padding is-layout-constrained wp-container-core-cover-is-layout-e7a663f7 wp-block-cover-is-layout-constrained\">\n<p class=\"has-text-align-center has-large-font-size\"><\/p>\n<\/div><\/div>\n<\/section>\n\n<section class=\"wp-block-group section-simple has-global-padding is-layout-constrained wp-container-core-group-is-layout-991fbe71 wp-block-group-is-layout-constrained\" style=\"margin-top:0px;margin-bottom:0px;padding-top:8rem;padding-right:5rem;padding-bottom:8rem;padding-left:5rem\">\n<div class=\"wp-block-columns are-vertically-aligned-center is-layout-flex wp-container-core-columns-is-layout-28f84493 wp-block-columns-is-layout-flex\">\n<div class=\"wp-block-column is-vertically-aligned-center animated slideInLeft is-layout-flow wp-block-column-is-layout-flow\">\n<p><strong>Infrastructure and assets<\/strong><\/p>\n\n\n\n<p>The nautical base benefits from an <strong>exceptional stretch of water<\/strong>: the Baie de la Boirie, <strong>sheltered<\/strong> for beginners, with direct access to <strong>sport sailing<\/strong> areas at the end of the bay. The site has a <strong>boat parking area<\/strong>, <strong>direct access to the water<\/strong> and is supervised by <strong>state-certified instructors<\/strong>. <\/p>\n\n\n\n<p><strong>Contact:<\/strong> 05 46 47 93 64 &#8211; bureauyco@gmail.com &#8211; <a href=\"https:\/\/oleron-yco.fr\" target=\"_blank\" rel=\"noreferrer noopener nofollow\">oleron-yco.fr<\/a><\/p>\n<\/div>\n\n\n\n<div class=\"wp-block-column is-vertically-aligned-center animated slideInRight is-layout-flow wp-block-column-is-layout-flow\">\n<figure class=\"wp-block-image size-full has-custom-border\"><img decoding=\"async\" src=\"https:\/\/www.port-oleron.com\/wp-content\/uploads\/2026\/04\/&#xA9;&#xFE0F;-Arthur-Habudzik-voile-base-nautique-oleron-ile.jpg\" alt=\"&#xA9;&#xFE0F; Arthur Habudzik sailing base nautique ol&#xE9;ron ile\" class=\"wp-image-1015\" style=\"border-top-left-radius:120px;border-top-right-radius:120px;border-bottom-right-radius:120px\"\/><\/figure>\n<\/div>\n<\/div>\n<\/section>\n\n<section class=\"wp-block-group section-maillage has-global-padding is-layout-constrained wp-container-core-group-is-layout-991fbe71 wp-block-group-is-layout-constrained\" style=\"margin-top:0px;margin-bottom:0px;padding-top:8rem;padding-right:5rem;padding-bottom:8rem;padding-left:5rem\">\n<p class=\"has-text-align-center slogan has-gyst-variable-font-family\" style=\"font-size:clamp(1.743rem, 1.743rem + ((1vw - 0.2rem) * 2.095), 3rem);font-style:normal;font-weight:700;line-height:1;text-transform:uppercase\">Discover the port of saint-denis d&#8217;ol\u00e9ron  <img decoding=\"async\" width=\"50\" height=\"37\" class=\"wp-image-180\" style=\"width: 50px;\" src=\"https:\/\/www.port-oleron.com\/wp-content\/uploads\/2026\/04\/icon-vagues-bleu-clair.svg\" alt=\"icon waves light blue\"\/><\/p>\n\n\n\n<div data-swiper=\"{&quot;speed&quot;:400,&quot;spaceBetween&quot;:16,&quot;slidesPerView&quot;:3,&quot;createElements&quot;:true,&quot;loop&quot;:true,&quot;freemode&quot;:true,&quot;navigation&quot;:false,&quot;pagination&quot;:{&quot;el&quot;:&quot;.swiper-pagination&quot;,&quot;dynamicBullets&quot;:true},&quot;breakpoints&quot;:{&quot;0&quot;:{&quot;slidesPerView&quot;:1},&quot;768&quot;:{&quot;slidesPerView&quot;:2},&quot;1400&quot;:{&quot;slidesPerView&quot;:3}},&quot;autoplay&quot;:{&quot;delay&quot;:3000,&quot;disableOnInteraction&quot;:false}}\" data-wp-context=\"{}\" data-wp-interactive=\"core\/query\" data-wp-key=\"0\" data-wp-router-region=\"query-0\" class=\"wp-block-query alignwide gt-fse-maillage-query gt-is-slider gt-is-slider-desktop is-layout-flow wp-block-query-is-layout-flow\"><ul class=\"columns-3 wp-block-post-template is-layout-grid wp-container-core-post-template-is-layout-6d3fbd8f wp-block-post-template-is-layout-grid\"><li data-wp-key=\"post-template-item-1251\" class=\"wp-block-post post-1251 page type-page status-publish has-post-thumbnail hentry\">\n<a href=\"https:\/\/www.port-oleron.com\/en\/fishing-trips\/\"    class=\"wp-block-tiptip-hyperlink-group-block\" >\n<div data-maillage-alt=\"Fishing and sailing\" data-maillage-src=\"https:\/\/www.port-oleron.com\/wp-content\/uploads\/2026\/04\/filet-peche-manutention-port-oleron-scaled.jpeg\" data-swiper=\"{&quot;speed&quot;:1000,&quot;autoplay&quot;:{&quot;delay&quot;:5000,&quot;disableOnInteraction&quot;:false},&quot;spaceBetween&quot;:0,&quot;slidesPerView&quot;:1,&quot;pagination&quot;:{&quot;el&quot;:&quot;.swiper-pagination&quot;,&quot;dynamicBullets&quot;:true,&quot;clickable&quot;:true,&quot;type&quot;:&quot;bullets&quot;},&quot;navigation&quot;:{&quot;nextEl&quot;:&quot;.swiper-button-next&quot;,&quot;prevEl&quot;:&quot;.swiper-button-prev&quot;},&quot;breakpoints&quot;:[{&quot;slidesPerView&quot;:1}]}\" class=\"wp-block-cover is-light gt-use-post-maillage-meta has-aspect-ratio gt-has-maillage-image\" style=\"border-top-left-radius:120px;border-top-right-radius:120px;border-bottom-right-radius:120px;margin-top:0px;margin-bottom:0px;padding-top:0px;padding-right:0px;padding-bottom:0px;padding-left:0px;aspect-ratio:4\/3;min-height:unset;background-image:url(https:\/\/www.port-oleron.com\/wp-content\/uploads\/2026\/04\/filet-peche-manutention-port-oleron-scaled.jpeg);background-size:cover;background-position:50% 50%;\"><span aria-hidden=\"true\" class=\"wp-block-cover__background has-background-dim-30 has-background-dim\"><\/span><div class=\"wp-block-cover__inner-container has-global-padding is-layout-constrained wp-container-core-cover-is-layout-8fefdfe2 wp-block-cover-is-layout-constrained\">\n<p class=\"has-text-align-center has-base-2-color has-text-color has-link-color wp-elements-34081e399174f3a9edc928de347db4b3\" style=\"font-size:clamp(0.984rem, 0.984rem + ((1vw - 0.2rem) * 0.86), 1.5rem);\">Fishing and sailing<\/p>\n<\/div><\/div>\n<\/a>\n<\/li><li data-wp-key=\"post-template-item-1319\" class=\"wp-block-post post-1319 page type-page status-publish has-post-thumbnail hentry\">\n<a href=\"https:\/\/www.port-oleron.com\/en\/handling-shipchandler\/\"    class=\"wp-block-tiptip-hyperlink-group-block\" >\n<div data-maillage-alt=\"Handling and shipchandler\" data-maillage-src=\"https:\/\/www.port-oleron.com\/wp-content\/uploads\/2026\/04\/manutention-bateaux-shipchandler-port-oleron-scaled.jpeg\" data-swiper=\"{&quot;speed&quot;:1000,&quot;autoplay&quot;:{&quot;delay&quot;:5000,&quot;disableOnInteraction&quot;:false},&quot;spaceBetween&quot;:0,&quot;slidesPerView&quot;:1,&quot;pagination&quot;:{&quot;el&quot;:&quot;.swiper-pagination&quot;,&quot;dynamicBullets&quot;:true,&quot;clickable&quot;:true,&quot;type&quot;:&quot;bullets&quot;},&quot;navigation&quot;:{&quot;nextEl&quot;:&quot;.swiper-button-next&quot;,&quot;prevEl&quot;:&quot;.swiper-button-prev&quot;},&quot;breakpoints&quot;:[{&quot;slidesPerView&quot;:1}]}\" class=\"wp-block-cover is-light gt-use-post-maillage-meta has-aspect-ratio gt-has-maillage-image\" style=\"border-top-left-radius:120px;border-top-right-radius:120px;border-bottom-right-radius:120px;margin-top:0px;margin-bottom:0px;padding-top:0px;padding-right:0px;padding-bottom:0px;padding-left:0px;aspect-ratio:4\/3;min-height:unset;background-image:url(https:\/\/www.port-oleron.com\/wp-content\/uploads\/2026\/04\/manutention-bateaux-shipchandler-port-oleron-scaled.jpeg);background-size:cover;background-position:50% 50%;\"><span aria-hidden=\"true\" class=\"wp-block-cover__background has-background-dim-30 has-background-dim\"><\/span><div class=\"wp-block-cover__inner-container has-global-padding is-layout-constrained wp-container-core-cover-is-layout-8fefdfe2 wp-block-cover-is-layout-constrained\">\n<p class=\"has-text-align-center has-base-2-color has-text-color has-link-color wp-elements-34081e399174f3a9edc928de347db4b3\" style=\"font-size:clamp(0.984rem, 0.984rem + ((1vw - 0.2rem) * 0.86), 1.5rem);\">Handling and shipchandler<\/p>\n<\/div><\/div>\n<\/a>\n<\/li><li data-wp-key=\"post-template-item-1329\" class=\"wp-block-post post-1329 page type-page status-publish has-post-thumbnail hentry\">\n<a href=\"https:\/\/www.port-oleron.com\/en\/weather-tides\/\"    class=\"wp-block-tiptip-hyperlink-group-block\" >\n<div data-maillage-alt=\"weather and tides ol\u00e9ron\" data-maillage-src=\"https:\/\/www.port-oleron.com\/wp-content\/uploads\/2026\/04\/\u00a9\ufe0f-Arthur-Habudzik-marennes-navigation-bateau-oleron-marees.jpg\" data-swiper=\"{&quot;speed&quot;:1000,&quot;autoplay&quot;:{&quot;delay&quot;:5000,&quot;disableOnInteraction&quot;:false},&quot;spaceBetween&quot;:0,&quot;slidesPerView&quot;:1,&quot;pagination&quot;:{&quot;el&quot;:&quot;.swiper-pagination&quot;,&quot;dynamicBullets&quot;:true,&quot;clickable&quot;:true,&quot;type&quot;:&quot;bullets&quot;},&quot;navigation&quot;:{&quot;nextEl&quot;:&quot;.swiper-button-next&quot;,&quot;prevEl&quot;:&quot;.swiper-button-prev&quot;},&quot;breakpoints&quot;:[{&quot;slidesPerView&quot;:1}]}\" class=\"wp-block-cover is-light gt-use-post-maillage-meta has-aspect-ratio gt-has-maillage-image\" style=\"border-top-left-radius:120px;border-top-right-radius:120px;border-bottom-right-radius:120px;margin-top:0px;margin-bottom:0px;padding-top:0px;padding-right:0px;padding-bottom:0px;padding-left:0px;aspect-ratio:4\/3;min-height:unset;background-image:url(https:\/\/www.port-oleron.com\/wp-content\/uploads\/2026\/04\/\u00a9\ufe0f-Arthur-Habudzik-marennes-navigation-bateau-oleron-marees.jpg);background-size:cover;background-position:50% 50%;\"><span aria-hidden=\"true\" class=\"wp-block-cover__background has-background-dim-30 has-background-dim\"><\/span><div class=\"wp-block-cover__inner-container has-global-padding is-layout-constrained wp-container-core-cover-is-layout-8fefdfe2 wp-block-cover-is-layout-constrained\">\n<p class=\"has-text-align-center has-base-2-color has-text-color has-link-color wp-elements-34081e399174f3a9edc928de347db4b3\" style=\"font-size:clamp(0.984rem, 0.984rem + ((1vw - 0.2rem) * 0.86), 1.5rem);\">Weather and tides<\/p>\n<\/div><\/div>\n<\/a>\n<\/li><\/ul><\/div>\n<\/section>\n","protected":false},"excerpt":{"rendered":"<p>The nautical base Nautical base and sailing school The \u00c9ric Tabarly nautical base, located in the heart of the Saint-Denis-d&#8217;Ol\u00e9ron marina, is home to the Yacht Club d&#8217;Ol\u00e9ron (YCO), an FFV-certified sailing school and 1\u02b3\u1d49 sailing school in Nouvelle-Aquitaine. With over 1,200 trainees a year, the YCO is a key player in the nautical life [&hellip;]<\/p>\n","protected":false},"author":1,"featured_media":0,"parent":0,"menu_order":0,"comment_status":"closed","ping_status":"closed","template":"","meta":{"_seopress_robots_primary_cat":"","_seopress_titles_title":"Sailing school, Saint-Denis-d'Ol\u00e9ron harbor","_seopress_titles_desc":"Live the passion of sailing in Saint-Denis d'Ol\u00e9ron! Join the courses at the YCO, 1st school in Nouvelle-Aquitaine. From age 5. \ud83d\udcde 05 46 47 93 64   ","_seopress_robots_index":"","_seopress_analysis_target_kw":"","inline_featured_image":false,"gt_fse_maillage_image":"https:\/\/www.port-oleron.com\/wp-content\/uploads\/2026\/04\/infos-pratiques-port-saint-denis-d-oleron-scaled.jpg","gt_fse_maillage_titre":"Nautical base","gt_fse_maillage_alt":"nautical base sailboat port saint denis d oleron","gt_fse_maillage_resume":"","footnotes":""},"categories":[],"tags":[],"class_list":["post-1246","page","type-page","status-publish","hentry"],"_links":{"self":[{"href":"https:\/\/www.port-oleron.com\/en\/wp-json\/wp\/v2\/pages\/1246","targetHints":{"allow":["GET"]}}],"collection":[{"href":"https:\/\/www.port-oleron.com\/en\/wp-json\/wp\/v2\/pages"}],"about":[{"href":"https:\/\/www.port-oleron.com\/en\/wp-json\/wp\/v2\/types\/page"}],"author":[{"embeddable":true,"href":"https:\/\/www.port-oleron.com\/en\/wp-json\/wp\/v2\/users\/1"}],"replies":[{"embeddable":true,"href":"https:\/\/www.port-oleron.com\/en\/wp-json\/wp\/v2\/comments?post=1246"}],"version-history":[{"count":4,"href":"https:\/\/www.port-oleron.com\/en\/wp-json\/wp\/v2\/pages\/1246\/revisions"}],"predecessor-version":[{"id":1362,"href":"https:\/\/www.port-oleron.com\/en\/wp-json\/wp\/v2\/pages\/1246\/revisions\/1362"}],"wp:attachment":[{"href":"https:\/\/www.port-oleron.com\/en\/wp-json\/wp\/v2\/media?parent=1246"}],"wp:term":[{"taxonomy":"category","embeddable":true,"href":"https:\/\/www.port-oleron.com\/en\/wp-json\/wp\/v2\/categories?post=1246"},{"taxonomy":"post_tag","embeddable":true,"href":"https:\/\/www.port-oleron.com\/en\/wp-json\/wp\/v2\/tags?post=1246"}],"curies":[{"name":"wp","href":"https:\/\/api.w.org\/{rel}","templated":true}]}}