{"id":1251,"date":"2026-04-17T11:37:21","date_gmt":"2026-04-17T09:37:21","guid":{"rendered":"https:\/\/www.port-oleron.com\/peche-balades-en-mer\/"},"modified":"2026-05-11T15:09:38","modified_gmt":"2026-05-11T13:09:38","slug":"fishing-trips","status":"publish","type":"page","link":"https:\/\/www.port-oleron.com\/en\/fishing-trips\/","title":{"rendered":"Fishing and sailing"},"content":{"rendered":"\n<section class=\"wp-block-group gt_sliderphoto_003 has-custom-color-4-background-color has-background has-global-padding is-layout-constrained wp-container-core-group-is-layout-755203eb wp-block-group-is-layout-constrained\" style=\"margin-top:0px;margin-bottom:0px;padding-top:8rem;padding-right:5rem;padding-bottom:8rem;padding-left:5rem\">\n<div class=\"wp-block-columns are-vertically-aligned-bottom is-layout-flex wp-container-core-columns-is-layout-f9948703 wp-block-columns-is-layout-flex\" style=\"margin-top:0px;margin-bottom:0px;padding-top:0px;padding-right:0px;padding-bottom:0px;padding-left:0px\">\n<div class=\"wp-block-column is-vertically-aligned-bottom animated slideInUp is-layout-flow wp-block-column-is-layout-flow\">\n<div class=\"wp-block-group has-global-padding is-layout-constrained wp-container-core-group-is-layout-ed59edec wp-block-group-is-layout-constrained\" style=\"margin-top:0px;margin-bottom:0px;padding-top:0px;padding-right:0px;padding-bottom:0px;padding-left:0px\">\n<figure class=\"wp-block-image size-full has-custom-border\"><img decoding=\"async\" width=\"1920\" height=\"1438\" src=\"https:\/\/www.port-oleron.com\/wp-content\/uploads\/2026\/04\/histoire-port-saint-denis-d-oleron.jpg\" alt=\"history of port saint denis d oleron\" class=\"wp-image-199\" style=\"border-top-left-radius:120px;border-top-right-radius:120px;border-bottom-left-radius:120px\" srcset=\"https:\/\/www.port-oleron.com\/wp-content\/uploads\/2026\/04\/histoire-port-saint-denis-d-oleron.jpg 1920w, https:\/\/www.port-oleron.com\/wp-content\/uploads\/2026\/04\/histoire-port-saint-denis-d-oleron-300x225.jpg 300w, https:\/\/www.port-oleron.com\/wp-content\/uploads\/2026\/04\/histoire-port-saint-denis-d-oleron-1024x767.jpg 1024w, https:\/\/www.port-oleron.com\/wp-content\/uploads\/2026\/04\/histoire-port-saint-denis-d-oleron-768x575.jpg 768w, https:\/\/www.port-oleron.com\/wp-content\/uploads\/2026\/04\/histoire-port-saint-denis-d-oleron-1536x1150.jpg 1536w\" sizes=\"(max-width: 1920px) 100vw, 1920px\" \/><figcaption class=\"wp-element-caption\">\u00a9\ufe0f Arthur Habudzik<\/figcaption><\/figure>\n<\/div>\n<\/div>\n\n\n\n<div class=\"wp-block-column is-vertically-aligned-bottom is-layout-flow wp-block-column-is-layout-flow\">\n<p class=\"slogan animated slideInDown has-gyst-variable-font-family\" style=\"font-size:clamp(2.667rem, 2.667rem + ((1vw - 0.2rem) * 4.038), 5.09rem);font-style:normal;font-weight:700;line-height:1;text-transform:uppercase\">Fishing and sailing<img decoding=\"async\" width=\"93\" height=\"69\" class=\"wp-image-180\" style=\"width: 93px;\" src=\"https:\/\/www.port-oleron.com\/wp-content\/uploads\/2026\/04\/icon-vagues-bleu-clair.svg\" alt=\"icon waves light blue\"\/><\/p>\n\n\n\n<div class=\"wp-block-group animated slideInUp has-global-padding is-layout-constrained wp-container-core-group-is-layout-ae276049 wp-block-group-is-layout-constrained\" style=\"padding-top:0px;padding-right:0px;padding-bottom:0px;padding-left:0px\">\n<h1 class=\"wp-block-heading\">Fishing and sailing partners<\/h1>\n\n\n\n<p style=\"margin-bottom:3rem\">From the <a href=\"https:\/\/www.port-oleron.com\/en\/\" data-type=\"page\" data-id=\"5\">Saint-Denis-d&#8217;Ol\u00e9ron marina<\/a>, you can enjoy a wide range of <strong>sea outings<\/strong>: deep-sea fishing, coastal excursions, cruises to <strong>Fort Boyard<\/strong>, a stopover on the<strong>Isle of Aix<\/strong>, a link to <strong>La Rochelle<\/strong>, discovery by sailboat, canoe or stand-up paddle&#8230; The <a href=\"https:\/\/www.port-oleron.com\/en\/\" target=\"_blank\" rel=\"noreferrer noopener nofollow\">Saint-Denis-d&#8217;Ol\u00e9ron marina<\/a> is the ideal starting point for exploring the Charente coastline and its maritime treasures, with your family, in a group or on your own.<br\/><br\/>Find below all our <strong>partners<\/strong> for your fishing trips, cruises and boat rentals.<\/p>\n<\/div>\n\n\n\n<figure class=\"wp-block-image size-full has-custom-border\"><img decoding=\"async\" src=\"https:\/\/www.port-oleron.com\/wp-content\/uploads\/2026\/04\/&#xA9;&#xFE0F;-Arthur-Habudzik-associations-usagers-port-pecheurs.jpg\" alt=\"&#xA9;&#xFE0F; Arthur Habudzik associations users port fishermen\" class=\"wp-image-1005\" style=\"border-top-left-radius:120px;border-top-right-radius:120px;border-bottom-right-radius:120px\"\/><figcaption class=\"wp-element-caption\">\u00a9\ufe0f Arthur Habudzik<\/figcaption><\/figure>\n<\/div>\n<\/div>\n<\/section>\n\n<section class=\"wp-block-group section-simple has-global-padding is-layout-constrained wp-container-core-group-is-layout-991fbe71 wp-block-group-is-layout-constrained\" style=\"margin-top:0px;margin-bottom:0px;padding-top:8rem;padding-right:5rem;padding-bottom:8rem;padding-left:5rem\">\n<div class=\"wp-block-columns are-vertically-aligned-center is-layout-flex wp-container-core-columns-is-layout-28f84493 wp-block-columns-is-layout-flex\">\n<div class=\"wp-block-column is-vertically-aligned-center animated slideInLeft is-layout-flow wp-block-column-is-layout-flow\">\n<p><strong>Sea fishing<\/strong><\/p>\n\n\n\n<ul class=\"wp-block-list\">\n<li><strong>L&#8217;Out-Rage &#8211; S\u00e9bastien Gas<\/strong>: sea-fishing outings supervised by a <strong>world vice-champion sea angler<\/strong>. Natural baits and lures on the Antioche rocks (rays, bream, sea bream), tuna offshore.   <br\/><strong>Tel: 06 07 40 16 41<br\/>Mail: contact@out-rage.com<\/strong><br\/>Website: <a href=\"https:\/\/www.out-rage.com\" target=\"_blank\" rel=\"noreferrer noopener nofollow\">out-rage.com<\/a><\/li>\n<\/ul>\n\n\n    <div id=\"gt-fse-lire-plus-6a032ed59c0c4\" class=\"gt-fse-lire-plus\" style=\"--min-height: 130px; background-color: #fff;\">\n        <input id=\"gt-fse-lire-plus-6a032ed59c0c4-toggle\" type=\"checkbox\" class=\"gt-fse-lire-plus__toggle\" \/>\n        <label for=\"gt-fse-lire-plus-6a032ed59c0c4-toggle\" class=\"gt-fse-lire-plus__toggle-label\">\n            <span>Lire plus<\/span>\n            <span>Lire moins<\/span>\n        <\/label>\n        <div class=\"gt-fse-lire-plus__content\">\n            \n\n<p><strong>Cruises and sea outings<\/strong><\/p>\n\n\n\n<ul class=\"wp-block-list\">\n<li><strong>Saint-Denis Croisi\u00e8res : <\/strong>Fort Boyard (guided tour, day or sunset), Ile d&#8217;Aix (stopover <em>via<\/em> Fort Boyard), La Rochelle (day stopover or link between Saint-Denis-d&#8217;Ol\u00e9ron and La Rochelle), discovery tours (morning stopover on Ile d&#8217;Aix <em>via<\/em> Fort Boyard with commentary, afternoon stopover in La Rochelle), private charter with crew (cruises or fishing ; CE, weddings, events, all services with \u00e0 la carte study); departing from Saint-Denis-d&#8217;Ol\u00e9ron with the &#8220;Picot des \u00eeles&#8221; :<strong>Tel. 05 46 85 00 42 \/ 06 62 70 50 53<br\/>Mail: info@oleron-croisieres.fr<\/strong><br\/>Website: <a href=\"http:\/\/oleron-croisieres.fr\" target=\"_blank\" rel=\"noreferrer noopener nofollow\">oleron-croisieres.fr<\/a><\/li>\n<\/ul>\n\n\n\n<ul class=\"wp-block-list\">\n<li><strong>Compagnie Inter-\u00celes:<\/strong> Fort Boyard (guided day trip), Ile d&#8217;Aix (stopover on Ile d&#8217;Aix via Fort Boyard), La Rochelle (day trip or link between Saint-Denis-d&#8217;Ol\u00e9ron and La Rochelle); departing from Saint-Denis-d&#8217;Ol\u00e9ron <br\/><strong>Tel.<\/strong>: 05 46 50 55 54<br\/>Mail: contact@inter-iles.com<br\/>Website: <a href=\"http:\/\/inter-iles.com\" target=\"_blank\" rel=\"noreferrer noopener nofollow\">inter-iles.com<\/a><\/li>\n<\/ul>\n\n\n\n<ul class=\"wp-block-list\">\n<li><strong>Sur une \u00eele: <\/strong>canoeing and kayaking (with a guide; discover the richness of the Ol\u00e9ronnais ecosystem in a lagoon protected from the waves at low tide; foreshore, fisheries, cardinals, channels reveal their secrets), stand-up paddle and discovery sailboat trip aboard the Marie-Suzane; departing from Saint-Denis-d&#8217;Ol\u00e9ron<br\/><strong>Tel.: 06 61 75 42 60<br\/>Mail: contact@suruneile.com<\/strong><br\/>Website: <a href=\"http:\/\/suruneile.com\" target=\"_blank\" rel=\"noreferrer noopener nofollow\">suruneile.com<\/a><\/li>\n<\/ul>\n\n            <div class=\"gt-fse-lire-plus__gradient\" style=\"background: linear-gradient(to bottom,rgba(255,255,255,0) 0%,rgba(255,255,255,1) 100%);\"><\/div>\n        <\/div>\n    <\/div>\n    <\/div>\n\n\n\n<div class=\"wp-block-column is-vertically-aligned-center animated slideInRight is-layout-flow wp-block-column-is-layout-flow\">\n<figure class=\"wp-block-image size-full has-custom-border\"><img decoding=\"async\" width=\"800\" height=\"916\" src=\"https:\/\/www.port-oleron.com\/wp-content\/uploads\/2026\/04\/peche-croisieres-oleron-port-compagnie-interiles.avif\" alt=\"fishing cruises ol&#xE9;ron port compagnie inter&#xEE;les\" class=\"wp-image-1029\" style=\"border-top-left-radius:120px;border-top-right-radius:120px;border-bottom-right-radius:120px\" srcset=\"https:\/\/www.port-oleron.com\/wp-content\/uploads\/2026\/04\/peche-croisieres-oleron-port-compagnie-interiles.avif 800w, https:\/\/www.port-oleron.com\/wp-content\/uploads\/2026\/04\/peche-croisieres-oleron-port-compagnie-interiles-262x300.avif 262w, https:\/\/www.port-oleron.com\/wp-content\/uploads\/2026\/04\/peche-croisieres-oleron-port-compagnie-interiles-768x879.avif 768w\" sizes=\"(max-width: 800px) 100vw, 800px\" \/><\/figure>\n<\/div>\n<\/div>\n<\/section>\n\n<section class=\"wp-block-group section-simple has-global-padding is-layout-constrained wp-container-core-group-is-layout-991fbe71 wp-block-group-is-layout-constrained\" style=\"margin-top:0px;margin-bottom:0px;padding-top:8rem;padding-right:5rem;padding-bottom:8rem;padding-left:5rem\">\n<div class=\"wp-block-columns are-vertically-aligned-center is-layout-flex wp-container-core-columns-is-layout-28f84493 wp-block-columns-is-layout-flex\">\n<div class=\"wp-block-column is-vertically-aligned-center animated slideInLeft is-layout-flow wp-block-column-is-layout-flow\">\n<figure class=\"wp-block-image size-full has-custom-border\"><img decoding=\"async\" src=\"https:\/\/www.port-oleron.com\/wp-content\/uploads\/2026\/04\/&#xA9;&#xFE0F;-Arthur-Habudzik-bateau-base-nautique-e1777363364395.jpg\" alt=\"&#xA9;&#xFE0F; Arthur Habudzik boat base nautique\" class=\"wp-image-1011\" style=\"border-top-left-radius:120px;border-top-right-radius:120px;border-bottom-right-radius:120px\"\/><figcaption class=\"wp-element-caption\">\u00a9\ufe0f Arthur Habudzik<\/figcaption><\/figure>\n<\/div>\n\n\n\n<div class=\"wp-block-column is-vertically-aligned-center animated slideInRight gt-no-padding-mobile is-layout-flow wp-block-column-is-layout-flow\" style=\"padding-left:var(--wp--preset--spacing--20)\">\n<p><strong>Motorboat rental<\/strong><\/p>\n\n\n\n<ul class=\"wp-block-list\">\n<li><strong>Loisirs Location Ol\u00e9ron  <\/strong><\/li>\n<\/ul>\n\n\n\n<ul class=\"wp-block-list\">\n<li><strong>Hamza Bruno &#8211; Motorboat rental  <\/strong><\/li>\n<\/ul>\n\n\n\n<ul class=\"wp-block-list\">\n<li><strong>APPSD &#8211; Fishing section<\/strong><br\/>The port&#8217;s yachting association organizes <strong>friendly fishing trips<\/strong> open to all, with assistance for beginners.<\/li>\n<\/ul>\n<\/div>\n<\/div>\n<\/section>\n\n<section class=\"wp-block-group section-maillage has-global-padding is-layout-constrained wp-container-core-group-is-layout-991fbe71 wp-block-group-is-layout-constrained\" style=\"margin-top:0px;margin-bottom:0px;padding-top:8rem;padding-right:5rem;padding-bottom:8rem;padding-left:5rem\">\n<p class=\"has-text-align-center slogan has-gyst-variable-font-family\" style=\"font-size:clamp(1.743rem, 1.743rem + ((1vw - 0.2rem) * 2.095), 3rem);font-style:normal;font-weight:700;line-height:1;text-transform:uppercase\">Discover the port of saint-denis d&#8217;ol\u00e9ron  <img decoding=\"async\" width=\"50\" height=\"37\" class=\"wp-image-180\" style=\"width: 50px;\" src=\"https:\/\/www.port-oleron.com\/wp-content\/uploads\/2026\/04\/icon-vagues-bleu-clair.svg\" alt=\"icon waves light blue\"\/><\/p>\n\n\n\n<div data-swiper=\"{&quot;speed&quot;:400,&quot;spaceBetween&quot;:16,&quot;slidesPerView&quot;:3,&quot;createElements&quot;:true,&quot;loop&quot;:true,&quot;freemode&quot;:true,&quot;navigation&quot;:false,&quot;pagination&quot;:{&quot;el&quot;:&quot;.swiper-pagination&quot;,&quot;dynamicBullets&quot;:true},&quot;breakpoints&quot;:{&quot;0&quot;:{&quot;slidesPerView&quot;:1},&quot;768&quot;:{&quot;slidesPerView&quot;:2},&quot;1400&quot;:{&quot;slidesPerView&quot;:3}},&quot;autoplay&quot;:{&quot;delay&quot;:3000,&quot;disableOnInteraction&quot;:false}}\" data-wp-context=\"{}\" data-wp-interactive=\"core\/query\" data-wp-key=\"0\" data-wp-router-region=\"query-0\" class=\"wp-block-query alignwide gt-fse-maillage-query gt-is-slider gt-is-slider-desktop is-layout-flow wp-block-query-is-layout-flow\"><ul class=\"columns-3 wp-block-post-template is-layout-grid wp-container-core-post-template-is-layout-6d3fbd8f wp-block-post-template-is-layout-grid\"><li data-wp-key=\"post-template-item-1239\" class=\"wp-block-post post-1239 page type-page status-publish has-post-thumbnail hentry\">\n<a href=\"https:\/\/www.port-oleron.com\/en\/map\/\"    class=\"wp-block-tiptip-hyperlink-group-block\" >\n<div data-maillage-alt=\"Port map\" data-maillage-src=\"https:\/\/www.port-oleron.com\/wp-content\/uploads\/2026\/04\/@Arthur-Habudzik-Saint-Denis-Oleron-plan.jpg\" data-swiper=\"{&quot;speed&quot;:1000,&quot;autoplay&quot;:{&quot;delay&quot;:5000,&quot;disableOnInteraction&quot;:false},&quot;spaceBetween&quot;:0,&quot;slidesPerView&quot;:1,&quot;pagination&quot;:{&quot;el&quot;:&quot;.swiper-pagination&quot;,&quot;dynamicBullets&quot;:true,&quot;clickable&quot;:true,&quot;type&quot;:&quot;bullets&quot;},&quot;navigation&quot;:{&quot;nextEl&quot;:&quot;.swiper-button-next&quot;,&quot;prevEl&quot;:&quot;.swiper-button-prev&quot;},&quot;breakpoints&quot;:[{&quot;slidesPerView&quot;:1}]}\" class=\"wp-block-cover is-light gt-use-post-maillage-meta has-aspect-ratio gt-has-maillage-image\" style=\"border-top-left-radius:120px;border-top-right-radius:120px;border-bottom-right-radius:120px;margin-top:0px;margin-bottom:0px;padding-top:0px;padding-right:0px;padding-bottom:0px;padding-left:0px;aspect-ratio:4\/3;min-height:unset;background-image:url(https:\/\/www.port-oleron.com\/wp-content\/uploads\/2026\/04\/@Arthur-Habudzik-Saint-Denis-Oleron-plan.jpg);background-size:cover;background-position:50% 50%;\"><span aria-hidden=\"true\" class=\"wp-block-cover__background has-background-dim-30 has-background-dim\"><\/span><div class=\"wp-block-cover__inner-container has-global-padding is-layout-constrained wp-container-core-cover-is-layout-8fefdfe2 wp-block-cover-is-layout-constrained\">\n<p class=\"has-text-align-center has-base-2-color has-text-color has-link-color wp-elements-34081e399174f3a9edc928de347db4b3\" style=\"font-size:clamp(0.984rem, 0.984rem + ((1vw - 0.2rem) * 0.86), 1.5rem);\">Port map<\/p>\n<\/div><\/div>\n<\/a>\n<\/li><li data-wp-key=\"post-template-item-1254\" class=\"wp-block-post post-1254 page type-page status-publish has-post-thumbnail hentry\">\n<a href=\"https:\/\/www.port-oleron.com\/en\/entertainment\/\"    class=\"wp-block-tiptip-hyperlink-group-block\" >\n<div data-maillage-alt=\"\u00a9\ufe0f Arthur Habudzik fireworks animations\" data-maillage-src=\"https:\/\/www.port-oleron.com\/wp-content\/uploads\/2026\/04\/\u00a9\ufe0f-Arthur-Habudzik-animaitons-feux-dartifices.jpg\" data-swiper=\"{&quot;speed&quot;:1000,&quot;autoplay&quot;:{&quot;delay&quot;:5000,&quot;disableOnInteraction&quot;:false},&quot;spaceBetween&quot;:0,&quot;slidesPerView&quot;:1,&quot;pagination&quot;:{&quot;el&quot;:&quot;.swiper-pagination&quot;,&quot;dynamicBullets&quot;:true,&quot;clickable&quot;:true,&quot;type&quot;:&quot;bullets&quot;},&quot;navigation&quot;:{&quot;nextEl&quot;:&quot;.swiper-button-next&quot;,&quot;prevEl&quot;:&quot;.swiper-button-prev&quot;},&quot;breakpoints&quot;:[{&quot;slidesPerView&quot;:1}]}\" class=\"wp-block-cover is-light gt-use-post-maillage-meta has-aspect-ratio gt-has-maillage-image\" style=\"border-top-left-radius:120px;border-top-right-radius:120px;border-bottom-right-radius:120px;margin-top:0px;margin-bottom:0px;padding-top:0px;padding-right:0px;padding-bottom:0px;padding-left:0px;aspect-ratio:4\/3;min-height:unset;background-image:url(https:\/\/www.port-oleron.com\/wp-content\/uploads\/2026\/04\/\u00a9\ufe0f-Arthur-Habudzik-animaitons-feux-dartifices.jpg);background-size:cover;background-position:50% 50%;\"><span aria-hidden=\"true\" class=\"wp-block-cover__background has-background-dim-30 has-background-dim\"><\/span><div class=\"wp-block-cover__inner-container has-global-padding is-layout-constrained wp-container-core-cover-is-layout-8fefdfe2 wp-block-cover-is-layout-constrained\">\n<p class=\"has-text-align-center has-base-2-color has-text-color has-link-color wp-elements-34081e399174f3a9edc928de347db4b3\" style=\"font-size:clamp(0.984rem, 0.984rem + ((1vw - 0.2rem) * 0.86), 1.5rem);\">Entertainment<\/p>\n<\/div><\/div>\n<\/a>\n<\/li><li data-wp-key=\"post-template-item-1287\" class=\"wp-block-post post-1287 page type-page status-publish has-post-thumbnail hentry\">\n<a href=\"https:\/\/www.port-oleron.com\/en\/boat-access-stop\/\"    class=\"wp-block-tiptip-hyperlink-group-block\" >\n<div data-maillage-alt=\"Your stopover in Ol\u00e9ron\" data-maillage-src=\"https:\/\/www.port-oleron.com\/wp-content\/uploads\/2026\/04\/\u00a9\ufe0f-Arthur-Habudzik-phare-oleron-escale.jpg\" data-swiper=\"{&quot;speed&quot;:1000,&quot;autoplay&quot;:{&quot;delay&quot;:5000,&quot;disableOnInteraction&quot;:false},&quot;spaceBetween&quot;:0,&quot;slidesPerView&quot;:1,&quot;pagination&quot;:{&quot;el&quot;:&quot;.swiper-pagination&quot;,&quot;dynamicBullets&quot;:true,&quot;clickable&quot;:true,&quot;type&quot;:&quot;bullets&quot;},&quot;navigation&quot;:{&quot;nextEl&quot;:&quot;.swiper-button-next&quot;,&quot;prevEl&quot;:&quot;.swiper-button-prev&quot;},&quot;breakpoints&quot;:[{&quot;slidesPerView&quot;:1}]}\" class=\"wp-block-cover is-light gt-use-post-maillage-meta has-aspect-ratio gt-has-maillage-image\" style=\"border-top-left-radius:120px;border-top-right-radius:120px;border-bottom-right-radius:120px;margin-top:0px;margin-bottom:0px;padding-top:0px;padding-right:0px;padding-bottom:0px;padding-left:0px;aspect-ratio:4\/3;min-height:unset;background-image:url(https:\/\/www.port-oleron.com\/wp-content\/uploads\/2026\/04\/\u00a9\ufe0f-Arthur-Habudzik-phare-oleron-escale.jpg);background-size:cover;background-position:50% 50%;\"><span aria-hidden=\"true\" class=\"wp-block-cover__background has-background-dim-30 has-background-dim\"><\/span><div class=\"wp-block-cover__inner-container has-global-padding is-layout-constrained wp-container-core-cover-is-layout-8fefdfe2 wp-block-cover-is-layout-constrained\">\n<p class=\"has-text-align-center has-base-2-color has-text-color has-link-color wp-elements-34081e399174f3a9edc928de347db4b3\" style=\"font-size:clamp(0.984rem, 0.984rem + ((1vw - 0.2rem) * 0.86), 1.5rem);\">Your stopover<\/p>\n<\/div><\/div>\n<\/a>\n<\/li><\/ul><\/div>\n<\/section>\n","protected":false},"excerpt":{"rendered":"<p>Fishing and sailing Fishing and sailing partners From the Saint-Denis-d&#8217;Ol\u00e9ron marina, you can enjoy a wide range of sea outings: deep-sea fishing, coastal excursions, cruises to Fort Boyard, a stopover on theIsle of Aix, a link to La Rochelle, discovery by sailboat, canoe or stand-up paddle&#8230; The Saint-Denis-d&#8217;Ol\u00e9ron marina is the ideal starting point for [&hellip;]<\/p>\n","protected":false},"author":1,"featured_media":966,"parent":0,"menu_order":0,"comment_status":"closed","ping_status":"closed","template":"","meta":{"_seopress_robots_primary_cat":"","_seopress_titles_title":"Fishing and sea excursions in the port of Saint-Denis-d'Ol\u00e9ron","_seopress_titles_desc":"Set sail for unforgettable cruises, deep-sea fishing and coastal cruises from the port of Saint-Denis-d'Ol\u00e9ron. Book your nautical adventure! ","_seopress_robots_index":"","_seopress_analysis_target_kw":"","inline_featured_image":false,"gt_fse_maillage_image":"https:\/\/www.port-oleron.com\/wp-content\/uploads\/2026\/04\/filet-peche-manutention-port-oleron-scaled.jpeg","gt_fse_maillage_titre":"Fishing and sailing","gt_fse_maillage_alt":"Fishing and sailing","gt_fse_maillage_resume":"","footnotes":""},"categories":[],"tags":[],"class_list":["post-1251","page","type-page","status-publish","has-post-thumbnail","hentry"],"_links":{"self":[{"href":"https:\/\/www.port-oleron.com\/en\/wp-json\/wp\/v2\/pages\/1251","targetHints":{"allow":["GET"]}}],"collection":[{"href":"https:\/\/www.port-oleron.com\/en\/wp-json\/wp\/v2\/pages"}],"about":[{"href":"https:\/\/www.port-oleron.com\/en\/wp-json\/wp\/v2\/types\/page"}],"author":[{"embeddable":true,"href":"https:\/\/www.port-oleron.com\/en\/wp-json\/wp\/v2\/users\/1"}],"replies":[{"embeddable":true,"href":"https:\/\/www.port-oleron.com\/en\/wp-json\/wp\/v2\/comments?post=1251"}],"version-history":[{"count":4,"href":"https:\/\/www.port-oleron.com\/en\/wp-json\/wp\/v2\/pages\/1251\/revisions"}],"predecessor-version":[{"id":1360,"href":"https:\/\/www.port-oleron.com\/en\/wp-json\/wp\/v2\/pages\/1251\/revisions\/1360"}],"wp:featuredmedia":[{"embeddable":true,"href":"https:\/\/www.port-oleron.com\/en\/wp-json\/wp\/v2\/media\/966"}],"wp:attachment":[{"href":"https:\/\/www.port-oleron.com\/en\/wp-json\/wp\/v2\/media?parent=1251"}],"wp:term":[{"taxonomy":"category","embeddable":true,"href":"https:\/\/www.port-oleron.com\/en\/wp-json\/wp\/v2\/categories?post=1251"},{"taxonomy":"post_tag","embeddable":true,"href":"https:\/\/www.port-oleron.com\/en\/wp-json\/wp\/v2\/tags?post=1251"}],"curies":[{"name":"wp","href":"https:\/\/api.w.org\/{rel}","templated":true}]}}