{"id":1270,"date":"2026-04-17T11:35:26","date_gmt":"2026-04-17T09:35:26","guid":{"rendered":"https:\/\/www.port-oleron.com\/documents-reglementation\/"},"modified":"2026-05-11T15:16:18","modified_gmt":"2026-05-11T13:16:18","slug":"regulatory-documents","status":"publish","type":"page","link":"https:\/\/www.port-oleron.com\/en\/regulatory-documents\/","title":{"rendered":"Documents"},"content":{"rendered":"\n<section class=\"wp-block-group gt_sliderphoto_003 has-custom-color-4-background-color has-background has-global-padding is-layout-constrained wp-container-core-group-is-layout-755203eb wp-block-group-is-layout-constrained\" style=\"margin-top:0px;margin-bottom:0px;padding-top:8rem;padding-right:5rem;padding-bottom:8rem;padding-left:5rem\">\n<div class=\"wp-block-columns are-vertically-aligned-bottom is-layout-flex wp-container-core-columns-is-layout-f9948703 wp-block-columns-is-layout-flex\" style=\"margin-top:0px;margin-bottom:0px;padding-top:0px;padding-right:0px;padding-bottom:0px;padding-left:0px\">\n<div class=\"wp-block-column is-vertically-aligned-bottom animated slideInUp is-layout-flow wp-block-column-is-layout-flow\">\n<div class=\"wp-block-group has-global-padding is-layout-constrained wp-container-core-group-is-layout-ed59edec wp-block-group-is-layout-constrained\" style=\"margin-top:0px;margin-bottom:0px;padding-top:0px;padding-right:0px;padding-bottom:0px;padding-left:0px\">\n<figure class=\"wp-block-image size-full has-custom-border\"><img decoding=\"async\" src=\"https:\/\/www.port-oleron.com\/wp-content\/uploads\/2026\/04\/&#xA9;&#xFE0F;-Arthur-Habudzik-capitainerie-coucher-de-soleil-port-oleron-saint-denis.jpg\" alt=\"&#xA9;&#xFE0F; Arthur Habudzik harbour master sunset port ol&#xE9;ron saint denis\" class=\"wp-image-809\" style=\"border-top-left-radius:120px;border-top-right-radius:120px;border-bottom-left-radius:120px\"\/><figcaption class=\"wp-element-caption\">\u00a9\ufe0f Arthur Habudzik<\/figcaption><\/figure>\n<\/div>\n<\/div>\n\n\n\n<div class=\"wp-block-column is-vertically-aligned-bottom is-layout-flow wp-block-column-is-layout-flow\">\n<p class=\"slogan animated slideInDown has-gyst-variable-font-family\" style=\"font-size:clamp(2.667rem, 2.667rem + ((1vw - 0.2rem) * 4.038), 5.09rem);font-style:normal;font-weight:700;line-height:1;text-transform:uppercase\">Documents  <img decoding=\"async\" width=\"93\" height=\"69\" class=\"wp-image-180\" style=\"width: 93px;\" src=\"https:\/\/www.port-oleron.com\/wp-content\/uploads\/2026\/04\/icon-vagues-bleu-clair.svg\" alt=\"icon waves light blue\"\/><\/p>\n\n\n\n<div class=\"wp-block-group animated slideInUp has-global-padding is-layout-constrained wp-container-core-group-is-layout-ae276049 wp-block-group-is-layout-constrained\" style=\"padding-top:0px;padding-right:0px;padding-bottom:0px;padding-left:0px\">\n<h1 class=\"wp-block-heading\">Useful documents: regulations, forms, projects, waste<\/h1>\n\n\n\n<p style=\"margin-bottom:3rem\">This page contains all the <strong>official documents<\/strong> for the <a href=\"https:\/\/www.port-oleron.com\/en\/\" data-type=\"page\" data-id=\"5\">Saint-Denis-d&#8217;Ol\u00e9ron marina<\/a>. Regulations, administrative forms, reservations, waiting list, rates, current projects and waste management plan: all the documents you need for life in the marina can be consulted and downloaded in PDF format. This page is regularly updated. If you have any questions, please contact the harbor master&#8217;s office at Saint-Denis-d&#8217;Ol\u00e9ron on <strong>05 46 47 97 97<\/strong>.   <br\/><\/p>\n<\/div>\n\n\n\n<figure class=\"wp-block-image size-full has-custom-border\"><img decoding=\"async\" src=\"https:\/\/www.port-oleron.com\/wp-content\/uploads\/2026\/04\/&#xA9;&#xFE0F;-Arthur-Habudzik-services-interieur.jpg\" alt=\"&#xA9;&#xFE0F; Arthur Habudzik interior services\" class=\"wp-image-870\" style=\"border-top-left-radius:120px;border-top-right-radius:120px;border-bottom-right-radius:120px\"\/><figcaption class=\"wp-element-caption\">\u00a9\ufe0f Arthur Habudzik<\/figcaption><\/figure>\n<\/div>\n<\/div>\n<\/section>\n\n<section class=\"wp-block-group section-simple has-global-padding is-layout-constrained wp-container-core-group-is-layout-991fbe71 wp-block-group-is-layout-constrained\" style=\"margin-top:0px;margin-bottom:0px;padding-top:8rem;padding-right:5rem;padding-bottom:8rem;padding-left:5rem\">\n<div class=\"wp-block-columns are-vertically-aligned-center is-layout-flex wp-container-core-columns-is-layout-28f84493 wp-block-columns-is-layout-flex\">\n<div class=\"wp-block-column is-vertically-aligned-center animated slideInLeft is-layout-flow wp-block-column-is-layout-flow\">\n<h2 class=\"wp-block-heading\">Port of Saint-Denis-d&#8217;Ol\u00e9ron regulations<\/h2>\n\n\n\n<p><strong>Port regulations<\/strong> govern all rules applicable to users: parking conditions, navigation rules in the channel and basin, safety obligations, behavior on the quayside and <a href=\"https:\/\/www.port-oleron.com\/en\/?page_id=1335\" data-type=\"page\" data-id=\"57\">pontoons<\/a>. These documents are essential to guarantee the <strong>safety<\/strong> and <strong>smooth running<\/strong> of the port on a daily basis. Every yachtsman, whether resident or visiting, must respect them.  <\/p>\n\n\n\n<p>Consult and download the regulatory documents below.<\/p>\n\n\n\n<div class=\"wp-block-buttons is-layout-flex wp-block-buttons-is-layout-flex\">\n<div class=\"wp-block-button\"><a class=\"wp-block-button__link has-custom-color-1-background-color has-background wp-element-button\" href=\"https:\/\/www.port-oleron.com\/wp-content\/uploads\/2026\/04\/Reglement-de-police-et-dexploitation-du-port-2025.pdf\">Port regulations<\/a><\/div>\n<\/div>\n<\/div>\n\n\n\n<div class=\"wp-block-column is-vertically-aligned-center animated slideInRight is-layout-flow wp-block-column-is-layout-flow\">\n<figure class=\"wp-block-image size-full has-custom-border\"><img decoding=\"async\" width=\"1920\" height=\"1280\" src=\"https:\/\/www.port-oleron.com\/wp-content\/uploads\/2026\/04\/@Arthur-Habudzik-Saint-Denis-Oleron-engagements-environnement-nature.jpg\" alt=\"@Arthur Habudzik Saint Denis Ol&#xE9;ron commitments environment nature\" class=\"wp-image-793\" style=\"border-top-left-radius:120px;border-top-right-radius:120px;border-bottom-right-radius:120px\" srcset=\"https:\/\/www.port-oleron.com\/wp-content\/uploads\/2026\/04\/@Arthur-Habudzik-Saint-Denis-Oleron-engagements-environnement-nature.jpg 1920w, https:\/\/www.port-oleron.com\/wp-content\/uploads\/2026\/04\/@Arthur-Habudzik-Saint-Denis-Oleron-engagements-environnement-nature-300x200.jpg 300w, https:\/\/www.port-oleron.com\/wp-content\/uploads\/2026\/04\/@Arthur-Habudzik-Saint-Denis-Oleron-engagements-environnement-nature-1024x683.jpg 1024w, https:\/\/www.port-oleron.com\/wp-content\/uploads\/2026\/04\/@Arthur-Habudzik-Saint-Denis-Oleron-engagements-environnement-nature-768x512.jpg 768w, https:\/\/www.port-oleron.com\/wp-content\/uploads\/2026\/04\/@Arthur-Habudzik-Saint-Denis-Oleron-engagements-environnement-nature-1536x1024.jpg 1536w\" sizes=\"(max-width: 1920px) 100vw, 1920px\" \/><figcaption class=\"wp-element-caption\">\u00a9\ufe0f Arthur Habudzik<\/figcaption><\/figure>\n<\/div>\n<\/div>\n<\/section>\n\n<section class=\"wp-block-group section-simple has-global-padding is-layout-constrained wp-container-core-group-is-layout-991fbe71 wp-block-group-is-layout-constrained\" style=\"margin-top:0px;margin-bottom:0px;padding-top:8rem;padding-right:5rem;padding-bottom:8rem;padding-left:5rem\">\n<div class=\"wp-block-columns are-vertically-aligned-center is-layout-flex wp-container-core-columns-is-layout-28f84493 wp-block-columns-is-layout-flex\">\n<div class=\"wp-block-column is-vertically-aligned-center animated slideInLeft is-layout-flow wp-block-column-is-layout-flow\">\n<figure class=\"wp-block-image size-full has-custom-border\"><img decoding=\"async\" width=\"1920\" height=\"1280\" src=\"https:\/\/www.port-oleron.com\/wp-content\/uploads\/2026\/04\/Capitainerie-equipe-port-de-saint-denis-doleron.jpg\" alt=\"Harbour master's office saint denis d'ol&#xE9;ron team\" class=\"wp-image-766\" style=\"border-top-left-radius:120px;border-top-right-radius:120px;border-bottom-right-radius:120px\" srcset=\"https:\/\/www.port-oleron.com\/wp-content\/uploads\/2026\/04\/Capitainerie-equipe-port-de-saint-denis-doleron.jpg 1920w, https:\/\/www.port-oleron.com\/wp-content\/uploads\/2026\/04\/Capitainerie-equipe-port-de-saint-denis-doleron-300x200.jpg 300w, https:\/\/www.port-oleron.com\/wp-content\/uploads\/2026\/04\/Capitainerie-equipe-port-de-saint-denis-doleron-1024x683.jpg 1024w, https:\/\/www.port-oleron.com\/wp-content\/uploads\/2026\/04\/Capitainerie-equipe-port-de-saint-denis-doleron-768x512.jpg 768w, https:\/\/www.port-oleron.com\/wp-content\/uploads\/2026\/04\/Capitainerie-equipe-port-de-saint-denis-doleron-1536x1024.jpg 1536w\" sizes=\"(max-width: 1920px) 100vw, 1920px\" \/><figcaption class=\"wp-element-caption\">\u00a9\ufe0f Arthur Habudzik  <\/figcaption><\/figure>\n<\/div>\n\n\n\n<div class=\"wp-block-column is-vertically-aligned-center animated slideInRight gt-no-padding-mobile is-layout-flow wp-block-column-is-layout-flow\" style=\"padding-left:var(--wp--preset--spacing--20)\">\n<h2 class=\"wp-block-heading\">Port of Saint-Denis-d&#8217;Ol\u00e9ron forms and rates<\/h2>\n\n\n\n<p>The port&#8217;s <strong>administrative forms<\/strong> are available for you to fill in online or at the harbor master&#8217;s office. In particular, you&#8217;ll find forms for registering<a href=\"https:\/\/www.port-oleron.com\/wp-content\/uploads\/2026\/05\/Inscription-liste-dattente.pdf\" data-type=\"link\" data-id=\"https:\/\/www.port-oleron.com\/wp-content\/uploads\/2026\/05\/Inscription-liste-dattente.pdf\" target=\"_blank\" rel=\"noreferrer noopener\"><strong>on the waiting list<\/strong><\/a> for an annual berth, or requesting a change of berth or vessel. <\/p>\n\n\n\n<p>The current <strong>price list<\/strong> details rates for stopovers, year-round parking, launching, onshore parking and various <a href=\"https:\/\/www.port-oleron.com\/en\/?page_id=1288\" data-type=\"page\" data-id=\"65\" target=\"_blank\" rel=\"noreferrer noopener\">port services<\/a>.<br\/>Download the documents below.<\/p>\n\n\n\n<div class=\"wp-block-buttons is-layout-flex wp-block-buttons-is-layout-flex\">\n<div class=\"wp-block-button\"><a class=\"wp-block-button__link has-custom-color-1-background-color has-background wp-element-button\" href=\"https:\/\/www.port-oleron.com\/wp-content\/uploads\/2026\/04\/TARIFS-2026-Portrait-Web.pdf\" target=\"_blank\" rel=\"noreferrer noopener\">Price list<\/a><\/div>\n<\/div>\n<\/div>\n<\/div>\n<\/section>\n\n<section class=\"wp-block-group section-simple-banner has-custom-color-4-background-color has-background has-global-padding is-layout-constrained wp-container-core-group-is-layout-ed59edec wp-block-group-is-layout-constrained\" style=\"margin-top:0px;margin-bottom:0px;padding-top:0px;padding-right:0px;padding-bottom:0px;padding-left:0px\">\n<div class=\"wp-block-group content has-custom-color-1-background-color has-background has-global-padding is-layout-constrained wp-container-core-group-is-layout-6e278c7d wp-block-group-is-layout-constrained\" style=\"border-top-left-radius:176px;margin-top:0px;margin-bottom:0px;padding-top:8rem;padding-right:10rem;padding-bottom:4rem;padding-left:10rem\">\n<div class=\"wp-block-columns are-vertically-aligned-bottom is-layout-flex wp-container-core-columns-is-layout-6b55abd5 wp-block-columns-is-layout-flex\" style=\"margin-top:0px;margin-bottom:0px\">\n<div class=\"wp-block-column is-vertically-aligned-bottom is-layout-flow wp-block-column-is-layout-flow\">\n<figure class=\"wp-block-image size-large\"><img decoding=\"async\" width=\"93\" height=\"69\" src=\"https:\/\/www.port-oleron.com\/wp-content\/uploads\/2026\/04\/icon-vagues-bleu-clair.svg\" alt=\"icon waves light blue\" class=\"wp-image-180\"\/><\/figure>\n\n\n\n<p class=\"slogan has-base-2-color has-text-color has-link-color has-gyst-variable-font-family wp-elements-cce9ec954ebd0de3744e4bf6a0ed61bc\" style=\"margin-top:0px;margin-bottom:0px;font-size:clamp(2.908rem, 2.908rem + ((1vw - 0.2rem) * 4.62), 5.68rem);font-style:normal;font-weight:700;line-height:1;text-transform:uppercase\">Our projects<\/p>\n<\/div>\n\n\n\n<div class=\"wp-block-column is-vertically-aligned-bottom is-layout-flow wp-block-column-is-layout-flow\">\n<h2 class=\"wp-block-heading has-base-2-color has-text-color has-link-color wp-elements-bd95fa7863ae4af49221bae740c58994\">Projects in progress<\/h2>\n\n\n\n<p class=\"has-base-2-color has-text-color has-link-color wp-elements-bcc238db41eaefe501f43eed32cb9a85\">The port of Saint-Denis-d&#8217;Ol\u00e9ron continues to <strong>develop and improve its infrastructure<\/strong>. Here you will find documents relating to current projects, including the latest <strong>works and sand transfer<\/strong> operations. The aim of these operations is to maintain access conditions to the channel and keep the harbor basin running smoothly.  <\/p>\n\n\n\n<p class=\"has-base-2-color has-text-color has-link-color wp-elements-713784114b67f4208cc7fa099b3c63a2\">Project presentation documents can be viewed and downloaded below.<\/p>\n<\/div>\n<\/div>\n<\/div>\n<\/section>\n\n<section class=\"wp-block-group section-simple has-custom-color-1-background-color has-background has-global-padding is-layout-constrained wp-container-core-group-is-layout-09ce8e39 wp-block-group-is-layout-constrained\" style=\"margin-top:0px;margin-bottom:0px;padding-top:2.1rem;padding-right:5rem;padding-bottom:8rem;padding-left:5rem\">\n<div class=\"wp-block-columns are-vertically-aligned-center is-layout-flex wp-container-core-columns-is-layout-28f84493 wp-block-columns-is-layout-flex\">\n<div class=\"wp-block-column is-vertically-aligned-center animated slideInLeft is-layout-flow wp-block-column-is-layout-flow\">\n<h2 class=\"wp-block-heading has-base-2-color has-text-color has-link-color wp-elements-bd3d13dcf0e371b6f1d543d70a9db86c\">Waste reception and processing plan<\/h2>\n\n\n\n<p class=\"has-base-2-color has-text-color has-link-color wp-elements-66915eac7988abcbd191b8630487922f\">In accordance with <strong>European regulations<\/strong>, the port of Saint-Denis-d&#8217;Ol\u00e9ron has a <strong>waste reception and treatment plan<\/strong>. This document describes the organization in place for the collection, sorting and elimination of waste produced by ships and port users: <strong>household waste<\/strong>, <strong>hazardous waste<\/strong> (hydrocarbons, batteries, anodes, etc.), <strong>grey water and black water<\/strong>. <\/p>\n\n\n\n<p class=\"has-base-2-color has-text-color has-link-color wp-elements-c7f8d247f05b88bad3bf2153db56d4b6\">This plan is in line with the <a href=\"https:\/\/www.port-oleron.com\/en\/?page_id=1338\" data-type=\"page\" data-id=\"41\">environmental commitments of the port<\/a>, which <strong>has been<\/strong> awarded the <strong>Pavillon Bleu<\/strong> label <strong>since 2007<\/strong>, and with the <strong>Territoire Z\u00e9ro D\u00e9chet<\/strong> initiative of the Communaut\u00e9 de communes de l&#8217;\u00eele d&#8217;Ol\u00e9ron.<\/p>\n\n\n\n<p class=\"has-base-2-color has-text-color has-link-color wp-elements-edfcb68d8bbb4b2e5873647d97240d74\">Consult and download the <a href=\"https:\/\/www.port-oleron.com\/wp-content\/uploads\/2026\/04\/Plan-dechets.pdf\" target=\"_blank\" rel=\"noreferrer noopener nofollow\">waste reception plan<\/a><br\/><br\/><a href=\"https:\/\/www.port-oleron.com\/wp-content\/uploads\/2026\/04\/Arrete-Plan-de-reception-des-dechets.pdf\" target=\"_blank\" rel=\"noreferrer noopener nofollow\">Waste reception plan decree<\/a><\/p>\n<\/div>\n\n\n\n<div class=\"wp-block-column is-vertically-aligned-center animated slideInRight is-layout-flow wp-block-column-is-layout-flow\">\n<figure class=\"wp-block-image size-full has-custom-border\"><img decoding=\"async\" width=\"1497\" height=\"1121\" src=\"https:\/\/www.port-oleron.com\/wp-content\/uploads\/2026\/04\/contenair-dechets-services-port-oleron.jpeg\" alt=\"contenair waste services port ol&#xE9;ron\" class=\"wp-image-874\" style=\"border-top-left-radius:120px;border-top-right-radius:120px;border-bottom-right-radius:120px\" srcset=\"https:\/\/www.port-oleron.com\/wp-content\/uploads\/2026\/04\/contenair-dechets-services-port-oleron.jpeg 1497w, https:\/\/www.port-oleron.com\/wp-content\/uploads\/2026\/04\/contenair-dechets-services-port-oleron-300x225.jpeg 300w, https:\/\/www.port-oleron.com\/wp-content\/uploads\/2026\/04\/contenair-dechets-services-port-oleron-1024x767.jpeg 1024w, https:\/\/www.port-oleron.com\/wp-content\/uploads\/2026\/04\/contenair-dechets-services-port-oleron-768x575.jpeg 768w\" sizes=\"(max-width: 1497px) 100vw, 1497px\" \/><\/figure>\n<\/div>\n<\/div>\n<\/section>\n\n<section class=\"wp-block-group section-maillage has-global-padding is-layout-constrained wp-container-core-group-is-layout-991fbe71 wp-block-group-is-layout-constrained\" style=\"margin-top:0px;margin-bottom:0px;padding-top:8rem;padding-right:5rem;padding-bottom:8rem;padding-left:5rem\">\n<p class=\"has-text-align-center slogan has-gyst-variable-font-family\" style=\"font-size:clamp(1.743rem, 1.743rem + ((1vw - 0.2rem) * 2.095), 3rem);font-style:normal;font-weight:700;line-height:1;text-transform:uppercase\">Discover the port of Saint-denis d&#8217;Ol\u00e9ron  <img decoding=\"async\" width=\"50\" height=\"37\" class=\"wp-image-180\" style=\"width: 50px;\" src=\"https:\/\/www.port-oleron.com\/wp-content\/uploads\/2026\/04\/icon-vagues-bleu-clair.svg\" alt=\"icon waves light blue\"\/><\/p>\n\n\n\n<div data-swiper=\"{&quot;speed&quot;:400,&quot;spaceBetween&quot;:16,&quot;slidesPerView&quot;:3,&quot;createElements&quot;:true,&quot;loop&quot;:true,&quot;freemode&quot;:true,&quot;navigation&quot;:false,&quot;pagination&quot;:{&quot;el&quot;:&quot;.swiper-pagination&quot;,&quot;dynamicBullets&quot;:true},&quot;breakpoints&quot;:{&quot;0&quot;:{&quot;slidesPerView&quot;:1},&quot;768&quot;:{&quot;slidesPerView&quot;:2},&quot;1400&quot;:{&quot;slidesPerView&quot;:3}},&quot;autoplay&quot;:{&quot;delay&quot;:3000,&quot;disableOnInteraction&quot;:false}}\" data-wp-context=\"{}\" data-wp-interactive=\"core\/query\" data-wp-key=\"0\" data-wp-router-region=\"query-0\" class=\"wp-block-query alignwide gt-fse-maillage-query gt-is-slider gt-is-slider-desktop is-layout-flow wp-block-query-is-layout-flow\"><ul class=\"columns-3 wp-block-post-template is-layout-grid wp-container-core-post-template-is-layout-6d3fbd8f wp-block-post-template-is-layout-grid\"><li data-wp-key=\"post-template-item-1345\" class=\"wp-block-post post-1345 page type-page status-publish has-post-thumbnail hentry\">\n<a href=\"https:\/\/www.port-oleron.com\/en\/store\/\"    class=\"wp-block-tiptip-hyperlink-group-block\" >\n<div data-maillage-alt=\"la boutique du port\" data-maillage-src=\"https:\/\/www.port-oleron.com\/wp-content\/uploads\/2026\/04\/\u00a9\ufe0f-Arthur-Habudzik-boutique-port-oleron-saint-denis-marche-nuit.jpg\" data-swiper=\"{&quot;speed&quot;:1000,&quot;autoplay&quot;:{&quot;delay&quot;:5000,&quot;disableOnInteraction&quot;:false},&quot;spaceBetween&quot;:0,&quot;slidesPerView&quot;:1,&quot;pagination&quot;:{&quot;el&quot;:&quot;.swiper-pagination&quot;,&quot;dynamicBullets&quot;:true,&quot;clickable&quot;:true,&quot;type&quot;:&quot;bullets&quot;},&quot;navigation&quot;:{&quot;nextEl&quot;:&quot;.swiper-button-next&quot;,&quot;prevEl&quot;:&quot;.swiper-button-prev&quot;},&quot;breakpoints&quot;:[{&quot;slidesPerView&quot;:1}]}\" class=\"wp-block-cover is-light gt-use-post-maillage-meta has-aspect-ratio gt-has-maillage-image\" style=\"border-top-left-radius:120px;border-top-right-radius:120px;border-bottom-right-radius:120px;margin-top:0px;margin-bottom:0px;padding-top:0px;padding-right:0px;padding-bottom:0px;padding-left:0px;aspect-ratio:4\/3;min-height:unset;background-image:url(https:\/\/www.port-oleron.com\/wp-content\/uploads\/2026\/04\/\u00a9\ufe0f-Arthur-Habudzik-boutique-port-oleron-saint-denis-marche-nuit.jpg);background-size:cover;background-position:50% 50%;\"><span aria-hidden=\"true\" class=\"wp-block-cover__background has-background-dim-30 has-background-dim\"><\/span><div class=\"wp-block-cover__inner-container has-global-padding is-layout-constrained wp-container-core-cover-is-layout-8fefdfe2 wp-block-cover-is-layout-constrained\">\n<p class=\"has-text-align-center has-base-2-color has-text-color has-link-color wp-elements-34081e399174f3a9edc928de347db4b3\" style=\"font-size:clamp(0.984rem, 0.984rem + ((1vw - 0.2rem) * 0.86), 1.5rem);\">The store<\/p>\n<\/div><\/div>\n<\/a>\n<\/li><li data-wp-key=\"post-template-item-1288\" class=\"wp-block-post post-1288 page type-page status-publish has-post-thumbnail hentry\">\n<a href=\"https:\/\/www.port-oleron.com\/en\/boating-services\/\"    class=\"wp-block-tiptip-hyperlink-group-block\" >\n<div data-maillage-alt=\"port services\" data-maillage-src=\"https:\/\/www.port-oleron.com\/wp-content\/uploads\/2026\/04\/\u00a9\ufe0f-Arthur-Habudzik-services-tennis.jpg\" data-swiper=\"{&quot;speed&quot;:1000,&quot;autoplay&quot;:{&quot;delay&quot;:5000,&quot;disableOnInteraction&quot;:false},&quot;spaceBetween&quot;:0,&quot;slidesPerView&quot;:1,&quot;pagination&quot;:{&quot;el&quot;:&quot;.swiper-pagination&quot;,&quot;dynamicBullets&quot;:true,&quot;clickable&quot;:true,&quot;type&quot;:&quot;bullets&quot;},&quot;navigation&quot;:{&quot;nextEl&quot;:&quot;.swiper-button-next&quot;,&quot;prevEl&quot;:&quot;.swiper-button-prev&quot;},&quot;breakpoints&quot;:[{&quot;slidesPerView&quot;:1}]}\" class=\"wp-block-cover is-light gt-use-post-maillage-meta has-aspect-ratio gt-has-maillage-image\" style=\"border-top-left-radius:120px;border-top-right-radius:120px;border-bottom-right-radius:120px;margin-top:0px;margin-bottom:0px;padding-top:0px;padding-right:0px;padding-bottom:0px;padding-left:0px;aspect-ratio:4\/3;min-height:unset;background-image:url(https:\/\/www.port-oleron.com\/wp-content\/uploads\/2026\/04\/\u00a9\ufe0f-Arthur-Habudzik-services-tennis.jpg);background-size:cover;background-position:50% 50%;\"><span aria-hidden=\"true\" class=\"wp-block-cover__background has-background-dim-30 has-background-dim\"><\/span><div class=\"wp-block-cover__inner-container has-global-padding is-layout-constrained wp-container-core-cover-is-layout-8fefdfe2 wp-block-cover-is-layout-constrained\">\n<p class=\"has-text-align-center has-base-2-color has-text-color has-link-color wp-elements-34081e399174f3a9edc928de347db4b3\" style=\"font-size:clamp(0.984rem, 0.984rem + ((1vw - 0.2rem) * 0.86), 1.5rem);\">Port services<\/p>\n<\/div><\/div>\n<\/a>\n<\/li><li data-wp-key=\"post-template-item-1338\" class=\"wp-block-post post-1338 page type-page status-publish has-post-thumbnail hentry\">\n<a href=\"https:\/\/www.port-oleron.com\/en\/environmental-commitments\/\"    class=\"wp-block-tiptip-hyperlink-group-block\" >\n<div data-maillage-alt=\"Environmental commitments\" data-maillage-src=\"https:\/\/www.port-oleron.com\/wp-content\/uploads\/2026\/04\/@Arthur-Habudzik-Saint-Denis-Oleron-nature-preservee.jpg\" data-swiper=\"{&quot;speed&quot;:1000,&quot;autoplay&quot;:{&quot;delay&quot;:5000,&quot;disableOnInteraction&quot;:false},&quot;spaceBetween&quot;:0,&quot;slidesPerView&quot;:1,&quot;pagination&quot;:{&quot;el&quot;:&quot;.swiper-pagination&quot;,&quot;dynamicBullets&quot;:true,&quot;clickable&quot;:true,&quot;type&quot;:&quot;bullets&quot;},&quot;navigation&quot;:{&quot;nextEl&quot;:&quot;.swiper-button-next&quot;,&quot;prevEl&quot;:&quot;.swiper-button-prev&quot;},&quot;breakpoints&quot;:[{&quot;slidesPerView&quot;:1}]}\" class=\"wp-block-cover is-light gt-use-post-maillage-meta has-aspect-ratio gt-has-maillage-image\" style=\"border-top-left-radius:120px;border-top-right-radius:120px;border-bottom-right-radius:120px;margin-top:0px;margin-bottom:0px;padding-top:0px;padding-right:0px;padding-bottom:0px;padding-left:0px;aspect-ratio:4\/3;min-height:unset;background-image:url(https:\/\/www.port-oleron.com\/wp-content\/uploads\/2026\/04\/@Arthur-Habudzik-Saint-Denis-Oleron-nature-preservee.jpg);background-size:cover;background-position:50% 50%;\"><span aria-hidden=\"true\" class=\"wp-block-cover__background has-background-dim-30 has-background-dim\"><\/span><div class=\"wp-block-cover__inner-container has-global-padding is-layout-constrained wp-container-core-cover-is-layout-8fefdfe2 wp-block-cover-is-layout-constrained\">\n<p class=\"has-text-align-center has-base-2-color has-text-color has-link-color wp-elements-34081e399174f3a9edc928de347db4b3\" style=\"font-size:clamp(0.984rem, 0.984rem + ((1vw - 0.2rem) * 0.86), 1.5rem);\">Environmental commitments<\/p>\n<\/div><\/div>\n<\/a>\n<\/li><\/ul><\/div>\n<\/section>\n","protected":false},"excerpt":{"rendered":"<p>Documents Useful documents: regulations, forms, projects, waste This page contains all the official documents for the Saint-Denis-d&#8217;Ol\u00e9ron marina. Regulations, administrative forms, reservations, waiting list, rates, current projects and waste management plan: all the documents you need for life in the marina can be consulted and downloaded in PDF format. This page is regularly updated. If [&hellip;]<\/p>\n","protected":false},"author":1,"featured_media":948,"parent":0,"menu_order":0,"comment_status":"closed","ping_status":"closed","template":"","meta":{"_seopress_robots_primary_cat":"","_seopress_titles_title":"Documents and regulations for the port of Saint-Denis-d'Ol\u00e9ron","_seopress_titles_desc":"Find regulations, forms and tariffs for the port of Saint-Denis-d'Ol\u00e9ron. Download the documents you need for a trouble-free port experience. ","_seopress_robots_index":"","_seopress_analysis_target_kw":"","inline_featured_image":false,"gt_fse_maillage_image":"https:\/\/www.port-oleron.com\/wp-content\/uploads\/2026\/04\/\u00a9\ufe0f-Arthur-Habudzik-capitainerie.jpg","gt_fse_maillage_titre":"Documents","gt_fse_maillage_alt":"Documents","gt_fse_maillage_resume":"","footnotes":""},"categories":[],"tags":[],"class_list":["post-1270","page","type-page","status-publish","has-post-thumbnail","hentry"],"_links":{"self":[{"href":"https:\/\/www.port-oleron.com\/en\/wp-json\/wp\/v2\/pages\/1270","targetHints":{"allow":["GET"]}}],"collection":[{"href":"https:\/\/www.port-oleron.com\/en\/wp-json\/wp\/v2\/pages"}],"about":[{"href":"https:\/\/www.port-oleron.com\/en\/wp-json\/wp\/v2\/types\/page"}],"author":[{"embeddable":true,"href":"https:\/\/www.port-oleron.com\/en\/wp-json\/wp\/v2\/users\/1"}],"replies":[{"embeddable":true,"href":"https:\/\/www.port-oleron.com\/en\/wp-json\/wp\/v2\/comments?post=1270"}],"version-history":[{"count":6,"href":"https:\/\/www.port-oleron.com\/en\/wp-json\/wp\/v2\/pages\/1270\/revisions"}],"predecessor-version":[{"id":1377,"href":"https:\/\/www.port-oleron.com\/en\/wp-json\/wp\/v2\/pages\/1270\/revisions\/1377"}],"wp:featuredmedia":[{"embeddable":true,"href":"https:\/\/www.port-oleron.com\/en\/wp-json\/wp\/v2\/media\/948"}],"wp:attachment":[{"href":"https:\/\/www.port-oleron.com\/en\/wp-json\/wp\/v2\/media?parent=1270"}],"wp:term":[{"taxonomy":"category","embeddable":true,"href":"https:\/\/www.port-oleron.com\/en\/wp-json\/wp\/v2\/categories?post=1270"},{"taxonomy":"post_tag","embeddable":true,"href":"https:\/\/www.port-oleron.com\/en\/wp-json\/wp\/v2\/tags?post=1270"}],"curies":[{"name":"wp","href":"https:\/\/api.w.org\/{rel}","templated":true}]}}