{"id":1294,"date":"2026-04-17T11:31:39","date_gmt":"2026-04-17T09:31:39","guid":{"rendered":"https:\/\/www.port-oleron.com\/histoire-du-port\/"},"modified":"2026-05-11T16:10:15","modified_gmt":"2026-05-11T14:10:15","slug":"history-of-the-port","status":"publish","type":"page","link":"https:\/\/www.port-oleron.com\/en\/history-of-the-port\/","title":{"rendered":"History of the port"},"content":{"rendered":"\n<section class=\"wp-block-group gt_sliderphoto_003 has-custom-color-4-background-color has-background has-global-padding is-layout-constrained wp-container-core-group-is-layout-755203eb wp-block-group-is-layout-constrained\" style=\"margin-top:0px;margin-bottom:0px;padding-top:8rem;padding-right:5rem;padding-bottom:8rem;padding-left:5rem\">\n<div class=\"wp-block-columns are-vertically-aligned-bottom is-layout-flex wp-container-core-columns-is-layout-f9948703 wp-block-columns-is-layout-flex\" style=\"margin-top:0px;margin-bottom:0px;padding-top:0px;padding-right:0px;padding-bottom:0px;padding-left:0px\">\n<div class=\"wp-block-column is-vertically-aligned-bottom animated slideInUp is-layout-flow wp-block-column-is-layout-flow\">\n<div data-swiper=\"{&quot;speed&quot;:400,&quot;spaceBetween&quot;:16,&quot;slidesPerView&quot;:3,&quot;createElements&quot;:true,&quot;loop&quot;:true,&quot;freemode&quot;:true,&quot;navigation&quot;:{&quot;nextEl&quot;:&quot;buttonNext&quot;,&quot;prevEl&quot;:&quot;buttonPrev&quot;},&quot;pagination&quot;:{&quot;el&quot;:&quot;.swiper-pagination&quot;,&quot;dynamicBullets&quot;:true},&quot;breakpoints&quot;:[{&quot;slidesPerView&quot;:1}],&quot;autoplay&quot;:{&quot;delay&quot;:4000},&quot;effect&quot;:&quot;fade&quot;}\" class=\"wp-block-group gt-is-slider gt-is-slider-desktop has-global-padding is-layout-constrained wp-container-core-group-is-layout-ed59edec wp-block-group-is-layout-constrained\" style=\"margin-top:0px;margin-bottom:0px;padding-top:0px;padding-right:0px;padding-bottom:0px;padding-left:0px\">\n<figure class=\"wp-block-image size-full has-custom-border\"><img decoding=\"async\" width=\"1920\" height=\"1280\" src=\"https:\/\/www.port-oleron.com\/wp-content\/uploads\/2026\/04\/pointe-chassiron-hd.jpg\" alt=\"pointe chassiron hd\" class=\"wp-image-768\" style=\"border-top-left-radius:120px;border-top-right-radius:120px;border-bottom-left-radius:120px\" srcset=\"https:\/\/www.port-oleron.com\/wp-content\/uploads\/2026\/04\/pointe-chassiron-hd.jpg 1920w, https:\/\/www.port-oleron.com\/wp-content\/uploads\/2026\/04\/pointe-chassiron-hd-300x200.jpg 300w, https:\/\/www.port-oleron.com\/wp-content\/uploads\/2026\/04\/pointe-chassiron-hd-1024x683.jpg 1024w, https:\/\/www.port-oleron.com\/wp-content\/uploads\/2026\/04\/pointe-chassiron-hd-768x512.jpg 768w, https:\/\/www.port-oleron.com\/wp-content\/uploads\/2026\/04\/pointe-chassiron-hd-1536x1024.jpg 1536w\" sizes=\"(max-width: 1920px) 100vw, 1920px\" \/><figcaption class=\"wp-element-caption\">\u00a9\ufe0f Arthur Habudzik<\/figcaption><\/figure>\n\n\n\n<figure class=\"wp-block-image size-full has-custom-border\"><img decoding=\"async\" width=\"1920\" height=\"1279\" src=\"https:\/\/www.port-oleron.com\/wp-content\/uploads\/2026\/04\/arthur-habudzik-Marennes-Oleron-sables-histoire-port.jpg\" alt=\"arthur habudzik Marennes Ol&#xE9;ron sables history port\" class=\"wp-image-771\" style=\"border-top-left-radius:120px;border-top-right-radius:120px;border-bottom-left-radius:120px\" srcset=\"https:\/\/www.port-oleron.com\/wp-content\/uploads\/2026\/04\/arthur-habudzik-Marennes-Oleron-sables-histoire-port.jpg 1920w, https:\/\/www.port-oleron.com\/wp-content\/uploads\/2026\/04\/arthur-habudzik-Marennes-Oleron-sables-histoire-port-300x200.jpg 300w, https:\/\/www.port-oleron.com\/wp-content\/uploads\/2026\/04\/arthur-habudzik-Marennes-Oleron-sables-histoire-port-1024x682.jpg 1024w, https:\/\/www.port-oleron.com\/wp-content\/uploads\/2026\/04\/arthur-habudzik-Marennes-Oleron-sables-histoire-port-768x512.jpg 768w, https:\/\/www.port-oleron.com\/wp-content\/uploads\/2026\/04\/arthur-habudzik-Marennes-Oleron-sables-histoire-port-1536x1023.jpg 1536w\" sizes=\"(max-width: 1920px) 100vw, 1920px\" \/><figcaption class=\"wp-element-caption\">\u00a9\ufe0f Arthur Habudzik<\/figcaption><\/figure>\n<\/div>\n<\/div>\n\n\n\n<div class=\"wp-block-column is-vertically-aligned-bottom is-layout-flow wp-block-column-is-layout-flow\">\n<p class=\"slogan animated slideInDown has-gyst-variable-font-family\" style=\"font-size:clamp(2.667rem, 2.667rem + ((1vw - 0.2rem) * 4.038), 5.09rem);font-style:normal;font-weight:700;line-height:1;text-transform:uppercase\">Where the Atlantic catches its breath  <img decoding=\"async\" width=\"93\" height=\"69\" class=\"wp-image-180\" style=\"width: 93px;\" src=\"https:\/\/www.port-oleron.com\/wp-content\/uploads\/2026\/04\/icon-vagues-bleu-clair.svg\" alt=\"icon waves light blue\"\/><\/p>\n\n\n\n<div class=\"wp-block-group animated slideInUp has-global-padding is-layout-constrained wp-container-core-group-is-layout-ae276049 wp-block-group-is-layout-constrained\" style=\"padding-top:0px;padding-right:0px;padding-bottom:0px;padding-left:0px\">\n<h1 class=\"wp-block-heading\">History of the port of Saint-Denis-d&#8217;Ol\u00e9ron<\/h1>\n\n\n\n<p style=\"margin-bottom:3rem\">The <a href=\"https:\/\/www.port-oleron.com\/en\/\" data-type=\"page\" data-id=\"5\">Saint-Denis marina<\/a> is the fruit of mankind&#8217;s <strong>fight <\/strong>against the silting up of the coastline, a battle won after several centuries of research and unsuccessful attempts.<\/p>\n<\/div>\n\n\n\n<figure class=\"wp-block-image size-full has-custom-border\"><img decoding=\"async\" width=\"1920\" height=\"1438\" src=\"https:\/\/www.port-oleron.com\/wp-content\/uploads\/2026\/04\/Arthur-Habudzik-Saint-Denis-Oleron-histoire-.jpg\" alt=\"Arthur Habudzik Saint Denis Ol&#xE9;ron history\" class=\"wp-image-773\" style=\"border-top-left-radius:120px;border-top-right-radius:120px;border-bottom-right-radius:120px\" srcset=\"https:\/\/www.port-oleron.com\/wp-content\/uploads\/2026\/04\/Arthur-Habudzik-Saint-Denis-Oleron-histoire-.jpg 1920w, https:\/\/www.port-oleron.com\/wp-content\/uploads\/2026\/04\/Arthur-Habudzik-Saint-Denis-Oleron-histoire--300x225.jpg 300w, https:\/\/www.port-oleron.com\/wp-content\/uploads\/2026\/04\/Arthur-Habudzik-Saint-Denis-Oleron-histoire--1024x767.jpg 1024w, https:\/\/www.port-oleron.com\/wp-content\/uploads\/2026\/04\/Arthur-Habudzik-Saint-Denis-Oleron-histoire--768x575.jpg 768w, https:\/\/www.port-oleron.com\/wp-content\/uploads\/2026\/04\/Arthur-Habudzik-Saint-Denis-Oleron-histoire--1536x1150.jpg 1536w\" sizes=\"(max-width: 1920px) 100vw, 1920px\" \/><figcaption class=\"wp-element-caption\">\u00a9\ufe0f Arthur Habudzik<\/figcaption><\/figure>\n<\/div>\n<\/div>\n<\/section>\n\n<section class=\"wp-block-group section-simple-banner has-custom-color-4-background-color has-background has-global-padding is-layout-constrained wp-container-core-group-is-layout-ed59edec wp-block-group-is-layout-constrained\" style=\"margin-top:0px;margin-bottom:0px;padding-top:0px;padding-right:0px;padding-bottom:0px;padding-left:0px\">\n<div class=\"wp-block-group content has-custom-color-1-background-color has-background has-global-padding is-layout-constrained wp-container-core-group-is-layout-6e278c7d wp-block-group-is-layout-constrained\" style=\"border-top-left-radius:176px;margin-top:0px;margin-bottom:0px;padding-top:8rem;padding-right:10rem;padding-bottom:4rem;padding-left:10rem\">\n<div class=\"wp-block-columns are-vertically-aligned-bottom is-layout-flex wp-container-core-columns-is-layout-6b55abd5 wp-block-columns-is-layout-flex\" style=\"margin-top:0px;margin-bottom:0px\">\n<div class=\"wp-block-column is-vertically-aligned-bottom is-layout-flow wp-block-column-is-layout-flow\">\n<figure class=\"wp-block-image size-large\"><img decoding=\"async\" width=\"93\" height=\"69\" src=\"https:\/\/www.port-oleron.com\/wp-content\/uploads\/2026\/04\/icon-vagues-bleu-clair.svg\" alt=\"icon waves light blue\" class=\"wp-image-180\"\/><\/figure>\n\n\n\n<p class=\"slogan has-base-2-color has-text-color has-link-color has-gyst-variable-font-family wp-elements-1cfc8d1d78e3c1eff508049fafa92f98\" style=\"margin-top:0px;margin-bottom:0px;font-size:clamp(2.908rem, 2.908rem + ((1vw - 0.2rem) * 4.62), 5.68rem);font-style:normal;font-weight:700;line-height:1;text-transform:uppercase\">Eight centuries facing the sea<\/p>\n<\/div>\n\n\n\n<div class=\"wp-block-column is-vertically-aligned-bottom is-layout-flow wp-block-column-is-layout-flow\">\n<h2 class=\"wp-block-heading has-base-2-color has-text-color has-link-color wp-elements-4e8e6c124dd4480ca71ec2c83533cb45\">The port&#8217;s evolution over the centuries<\/h2>\n\n\n\n<p class=\"has-base-2-color has-text-color has-link-color wp-elements-d2e746d2c18c1fd34c0875f875470f7b\">The construction of <strong>the harbor&#8217;s first jetty may date back to the XII\u1d49 century<\/strong>, enabling Chassiron wine to be transported to the port of La Rochelle. It was in the XVII\u1d49 century that the first documents mentioning a tax to repair the port were found. <\/p>\n\n\n\n<p class=\"has-base-2-color has-text-color has-link-color wp-elements-29f8eed0d963d29a4a6c47c908ef327f\">The next two centuries were a succession of <strong>dike and jetty constructions and repairs<\/strong>, battling against silting that was stronger than anything else. At the beginning of the XIX\u1d49 century, any idea of a protected harbor was even <strong>abandoned<\/strong>, the breakwater destroyed. Thus, in 1926, in Paul Thomas&#8217;s historical work, <em>L&#8217;\u00eele d&#8217;Ol\u00e9ron \u00e0 travers les si\u00e8cles<\/em>, we read:  <\/p>\n\n\n\n<p class=\"has-base-2-color has-text-color has-link-color wp-elements-4202563572f25582468a623123ccc8ce\">  &#8221; <em>Before rounding the extreme tip of the island, there&#8217;s another abandoned port: Saint-Denis, also a victim of sandbank encroachment. <\/em><\/p>\n<\/div>\n<\/div>\n<\/div>\n\n\n\n<div data-swiper=\"{&quot;speed&quot;:1000,&quot;autoplay&quot;:{&quot;delay&quot;:5000,&quot;disableOnInteraction&quot;:false},&quot;spaceBetween&quot;:0,&quot;slidesPerView&quot;:1,&quot;pagination&quot;:{&quot;el&quot;:&quot;.swiper-pagination&quot;,&quot;dynamicBullets&quot;:true,&quot;clickable&quot;:true,&quot;type&quot;:&quot;bullets&quot;},&quot;navigation&quot;:{&quot;nextEl&quot;:&quot;.swiper-button-next&quot;,&quot;prevEl&quot;:&quot;.swiper-button-prev&quot;},&quot;breakpoints&quot;:[{&quot;slidesPerView&quot;:1}]}\" class=\"wp-block-cover is-light\" style=\"border-bottom-left-radius:120px;border-bottom-right-radius:120px;margin-top:-1px;margin-bottom:-1px;padding-top:0px;padding-right:0px;padding-bottom:0px;padding-left:0px;min-height:600px;aspect-ratio:unset;\"><img decoding=\"async\" width=\"996\" height=\"632\" class=\"wp-block-cover__image-background wp-image-781 size-full\" alt=\"histoire port saint denis ole\u0301ron\" src=\"https:\/\/www.port-oleron.com\/wp-content\/uploads\/2026\/04\/histoire-port-saint-denis-oleron.jpg\" data-object-fit=\"cover\" srcset=\"https:\/\/www.port-oleron.com\/wp-content\/uploads\/2026\/04\/histoire-port-saint-denis-oleron.jpg 996w, https:\/\/www.port-oleron.com\/wp-content\/uploads\/2026\/04\/histoire-port-saint-denis-oleron-300x190.jpg 300w, https:\/\/www.port-oleron.com\/wp-content\/uploads\/2026\/04\/histoire-port-saint-denis-oleron-768x487.jpg 768w\" sizes=\"(max-width: 996px) 100vw, 996px\" \/><span aria-hidden=\"true\" class=\"wp-block-cover__background has-background-dim-0 has-background-dim\" style=\"background-color:#beada0\"><\/span><div class=\"wp-block-cover__inner-container has-global-padding is-layout-constrained wp-container-core-cover-is-layout-e7a663f7 wp-block-cover-is-layout-constrained\">\n<p class=\"has-text-align-center has-large-font-size\"><\/p>\n<\/div><\/div>\n<\/section>\n\n<section class=\"wp-block-group section-simple has-global-padding is-layout-constrained wp-container-core-group-is-layout-991fbe71 wp-block-group-is-layout-constrained\" style=\"margin-top:0px;margin-bottom:0px;padding-top:8rem;padding-right:5rem;padding-bottom:8rem;padding-left:5rem\">\n<div class=\"wp-block-columns are-vertically-aligned-center is-layout-flex wp-container-core-columns-is-layout-28f84493 wp-block-columns-is-layout-flex\">\n<div class=\"wp-block-column is-vertically-aligned-center animated slideInLeft is-layout-flow wp-block-column-is-layout-flow\">\n<h2 class=\"wp-block-heading\">The rebirth of the port and its development as a tourist attraction<\/h2>\n\n\n\n<p>The<strong>tourism boom<\/strong> revived the project. This time, the studies were better conducted, the financing less difficult to obtain, and the <strong>materials more studied and solid<\/strong>. In 1989, the town&#8217;s new port was inaugurated.  <\/p>\n\n\n\n<p>Since summer 2006, the Saint-Denis harbor&#8217;s infrastructure has been complemented by a <a href=\"https:\/\/www.port-oleron.com\/en\/shops\/\" data-type=\"page\" data-id=\"89\">shopping area<\/a> featuring bistros, <a href=\"https:\/\/www.port-oleron.com\/en\/port-restaurants\/\" data-type=\"page\" data-id=\"97\">restaurants<\/a>, ice-cream parlors, chandlery, souvenirs, local products, bike rentals, bookshops, jewelry and more. In an exceptional environment, the port, which has been awarded <strong>Europe&#8217;s Blue Flag<\/strong>, offers all the services and shops that yachtsmen can expect. <\/p>\n\n\n\n<p>  The <strong>walk along the quay<\/strong> is not disturbed by cars, as this area is reserved for pedestrians.<\/p>\n<\/div>\n\n\n\n<div class=\"wp-block-column is-vertically-aligned-center animated slideInRight is-layout-flow wp-block-column-is-layout-flow\">\n<figure class=\"wp-block-image size-full has-custom-border\"><img decoding=\"async\" width=\"1920\" height=\"1280\" src=\"https:\/\/www.port-oleron.com\/wp-content\/uploads\/2026\/04\/Arthur-Habudzik-Saint-Denis-Oleron-reconstruction-developpement.jpg\" alt=\"Arthur Habudzik Saint Denis Ol&#xE9;ron reconstruction development\" class=\"wp-image-778\" style=\"border-top-left-radius:120px;border-top-right-radius:120px;border-bottom-right-radius:120px\" srcset=\"https:\/\/www.port-oleron.com\/wp-content\/uploads\/2026\/04\/Arthur-Habudzik-Saint-Denis-Oleron-reconstruction-developpement.jpg 1920w, https:\/\/www.port-oleron.com\/wp-content\/uploads\/2026\/04\/Arthur-Habudzik-Saint-Denis-Oleron-reconstruction-developpement-300x200.jpg 300w, https:\/\/www.port-oleron.com\/wp-content\/uploads\/2026\/04\/Arthur-Habudzik-Saint-Denis-Oleron-reconstruction-developpement-1024x683.jpg 1024w, https:\/\/www.port-oleron.com\/wp-content\/uploads\/2026\/04\/Arthur-Habudzik-Saint-Denis-Oleron-reconstruction-developpement-768x512.jpg 768w, https:\/\/www.port-oleron.com\/wp-content\/uploads\/2026\/04\/Arthur-Habudzik-Saint-Denis-Oleron-reconstruction-developpement-1536x1024.jpg 1536w\" sizes=\"(max-width: 1920px) 100vw, 1920px\" \/><figcaption class=\"wp-element-caption\">\u00a9\ufe0f Arthur Habudzik<\/figcaption><\/figure>\n<\/div>\n<\/div>\n<\/section>\n\n<section class=\"wp-block-group section-maillage has-global-padding is-layout-constrained wp-container-core-group-is-layout-991fbe71 wp-block-group-is-layout-constrained\" style=\"margin-top:0px;margin-bottom:0px;padding-top:8rem;padding-right:5rem;padding-bottom:8rem;padding-left:5rem\">\n<p class=\"has-text-align-center slogan has-gyst-variable-font-family\" style=\"font-size:clamp(1.743rem, 1.743rem + ((1vw - 0.2rem) * 2.095), 3rem);font-style:normal;font-weight:700;line-height:1;text-transform:uppercase\">Discover the port <br\/>of saint denis d&#8217;ol\u00e9ron  <img decoding=\"async\" width=\"50\" height=\"37\" class=\"wp-image-180\" style=\"width: 50px;\" src=\"https:\/\/www.port-oleron.com\/wp-content\/uploads\/2026\/04\/icon-vagues-bleu-clair.svg\" alt=\"icon waves light blue\"\/><\/p>\n\n\n\n<div data-swiper=\"{&quot;speed&quot;:400,&quot;spaceBetween&quot;:16,&quot;slidesPerView&quot;:3,&quot;createElements&quot;:true,&quot;loop&quot;:true,&quot;freemode&quot;:true,&quot;navigation&quot;:false,&quot;pagination&quot;:{&quot;el&quot;:&quot;.swiper-pagination&quot;,&quot;dynamicBullets&quot;:true},&quot;breakpoints&quot;:{&quot;0&quot;:{&quot;slidesPerView&quot;:1},&quot;768&quot;:{&quot;slidesPerView&quot;:2},&quot;1400&quot;:{&quot;slidesPerView&quot;:3}},&quot;autoplay&quot;:{&quot;delay&quot;:3000,&quot;disableOnInteraction&quot;:false}}\" data-wp-context=\"{}\" data-wp-interactive=\"core\/query\" data-wp-key=\"0\" data-wp-router-region=\"query-0\" class=\"wp-block-query alignwide gt-fse-maillage-query gt-is-slider gt-is-slider-desktop is-layout-flow wp-block-query-is-layout-flow\"><ul class=\"columns-3 wp-block-post-template is-layout-grid wp-container-core-post-template-is-layout-6d3fbd8f wp-block-post-template-is-layout-grid\"><li data-wp-key=\"post-template-item-1314\" class=\"wp-block-post post-1314 page type-page status-publish has-post-thumbnail hentry\">\n<a href=\"https:\/\/www.port-oleron.com\/en\/port-restaurants\/\"    class=\"wp-block-tiptip-hyperlink-group-block\" >\n<div data-maillage-alt=\"Port restaurants\" data-maillage-src=\"https:\/\/www.port-oleron.com\/wp-content\/uploads\/2026\/04\/\u00a9\ufe0f-Arthur-Habudzik-commerces-restaurant-terrasses-port-oleron.jpg\" data-swiper=\"{&quot;speed&quot;:1000,&quot;autoplay&quot;:{&quot;delay&quot;:5000,&quot;disableOnInteraction&quot;:false},&quot;spaceBetween&quot;:0,&quot;slidesPerView&quot;:1,&quot;pagination&quot;:{&quot;el&quot;:&quot;.swiper-pagination&quot;,&quot;dynamicBullets&quot;:true,&quot;clickable&quot;:true,&quot;type&quot;:&quot;bullets&quot;},&quot;navigation&quot;:{&quot;nextEl&quot;:&quot;.swiper-button-next&quot;,&quot;prevEl&quot;:&quot;.swiper-button-prev&quot;},&quot;breakpoints&quot;:[{&quot;slidesPerView&quot;:1}]}\" class=\"wp-block-cover is-light gt-use-post-maillage-meta has-aspect-ratio gt-has-maillage-image\" style=\"border-top-left-radius:120px;border-top-right-radius:120px;border-bottom-right-radius:120px;margin-top:0px;margin-bottom:0px;padding-top:0px;padding-right:0px;padding-bottom:0px;padding-left:0px;aspect-ratio:4\/3;min-height:unset;background-image:url(https:\/\/www.port-oleron.com\/wp-content\/uploads\/2026\/04\/\u00a9\ufe0f-Arthur-Habudzik-commerces-restaurant-terrasses-port-oleron.jpg);background-size:cover;background-position:50% 50%;\"><span aria-hidden=\"true\" class=\"wp-block-cover__background has-background-dim-30 has-background-dim\"><\/span><div class=\"wp-block-cover__inner-container has-global-padding is-layout-constrained wp-container-core-cover-is-layout-8fefdfe2 wp-block-cover-is-layout-constrained\">\n<p class=\"has-text-align-center has-base-2-color has-text-color has-link-color wp-elements-34081e399174f3a9edc928de347db4b3\" style=\"font-size:clamp(0.984rem, 0.984rem + ((1vw - 0.2rem) * 0.86), 1.5rem);\">Restaurants<\/p>\n<\/div><\/div>\n<\/a>\n<\/li><li data-wp-key=\"post-template-item-1288\" class=\"wp-block-post post-1288 page type-page status-publish has-post-thumbnail hentry\">\n<a href=\"https:\/\/www.port-oleron.com\/en\/boating-services\/\"    class=\"wp-block-tiptip-hyperlink-group-block\" >\n<div data-maillage-alt=\"port services\" data-maillage-src=\"https:\/\/www.port-oleron.com\/wp-content\/uploads\/2026\/04\/\u00a9\ufe0f-Arthur-Habudzik-services-tennis.jpg\" data-swiper=\"{&quot;speed&quot;:1000,&quot;autoplay&quot;:{&quot;delay&quot;:5000,&quot;disableOnInteraction&quot;:false},&quot;spaceBetween&quot;:0,&quot;slidesPerView&quot;:1,&quot;pagination&quot;:{&quot;el&quot;:&quot;.swiper-pagination&quot;,&quot;dynamicBullets&quot;:true,&quot;clickable&quot;:true,&quot;type&quot;:&quot;bullets&quot;},&quot;navigation&quot;:{&quot;nextEl&quot;:&quot;.swiper-button-next&quot;,&quot;prevEl&quot;:&quot;.swiper-button-prev&quot;},&quot;breakpoints&quot;:[{&quot;slidesPerView&quot;:1}]}\" class=\"wp-block-cover is-light gt-use-post-maillage-meta has-aspect-ratio gt-has-maillage-image\" style=\"border-top-left-radius:120px;border-top-right-radius:120px;border-bottom-right-radius:120px;margin-top:0px;margin-bottom:0px;padding-top:0px;padding-right:0px;padding-bottom:0px;padding-left:0px;aspect-ratio:4\/3;min-height:unset;background-image:url(https:\/\/www.port-oleron.com\/wp-content\/uploads\/2026\/04\/\u00a9\ufe0f-Arthur-Habudzik-services-tennis.jpg);background-size:cover;background-position:50% 50%;\"><span aria-hidden=\"true\" class=\"wp-block-cover__background has-background-dim-30 has-background-dim\"><\/span><div class=\"wp-block-cover__inner-container has-global-padding is-layout-constrained wp-container-core-cover-is-layout-8fefdfe2 wp-block-cover-is-layout-constrained\">\n<p class=\"has-text-align-center has-base-2-color has-text-color has-link-color wp-elements-34081e399174f3a9edc928de347db4b3\" style=\"font-size:clamp(0.984rem, 0.984rem + ((1vw - 0.2rem) * 0.86), 1.5rem);\">Port services<\/p>\n<\/div><\/div>\n<\/a>\n<\/li><li data-wp-key=\"post-template-item-1338\" class=\"wp-block-post post-1338 page type-page status-publish has-post-thumbnail hentry\">\n<a href=\"https:\/\/www.port-oleron.com\/en\/environmental-commitments\/\"    class=\"wp-block-tiptip-hyperlink-group-block\" >\n<div data-maillage-alt=\"Environmental commitments\" data-maillage-src=\"https:\/\/www.port-oleron.com\/wp-content\/uploads\/2026\/04\/@Arthur-Habudzik-Saint-Denis-Oleron-nature-preservee.jpg\" data-swiper=\"{&quot;speed&quot;:1000,&quot;autoplay&quot;:{&quot;delay&quot;:5000,&quot;disableOnInteraction&quot;:false},&quot;spaceBetween&quot;:0,&quot;slidesPerView&quot;:1,&quot;pagination&quot;:{&quot;el&quot;:&quot;.swiper-pagination&quot;,&quot;dynamicBullets&quot;:true,&quot;clickable&quot;:true,&quot;type&quot;:&quot;bullets&quot;},&quot;navigation&quot;:{&quot;nextEl&quot;:&quot;.swiper-button-next&quot;,&quot;prevEl&quot;:&quot;.swiper-button-prev&quot;},&quot;breakpoints&quot;:[{&quot;slidesPerView&quot;:1}]}\" class=\"wp-block-cover is-light gt-use-post-maillage-meta has-aspect-ratio gt-has-maillage-image\" style=\"border-top-left-radius:120px;border-top-right-radius:120px;border-bottom-right-radius:120px;margin-top:0px;margin-bottom:0px;padding-top:0px;padding-right:0px;padding-bottom:0px;padding-left:0px;aspect-ratio:4\/3;min-height:unset;background-image:url(https:\/\/www.port-oleron.com\/wp-content\/uploads\/2026\/04\/@Arthur-Habudzik-Saint-Denis-Oleron-nature-preservee.jpg);background-size:cover;background-position:50% 50%;\"><span aria-hidden=\"true\" class=\"wp-block-cover__background has-background-dim-30 has-background-dim\"><\/span><div class=\"wp-block-cover__inner-container has-global-padding is-layout-constrained wp-container-core-cover-is-layout-8fefdfe2 wp-block-cover-is-layout-constrained\">\n<p class=\"has-text-align-center has-base-2-color has-text-color has-link-color wp-elements-34081e399174f3a9edc928de347db4b3\" style=\"font-size:clamp(0.984rem, 0.984rem + ((1vw - 0.2rem) * 0.86), 1.5rem);\">Environmental commitments<\/p>\n<\/div><\/div>\n<\/a>\n<\/li><\/ul><\/div>\n<\/section>\n","protected":false},"excerpt":{"rendered":"<p>Where the Atlantic catches its breath History of the port of Saint-Denis-d&#8217;Ol\u00e9ron The Saint-Denis marina is the fruit of mankind&#8217;s fight against the silting up of the coastline, a battle won after several centuries of research and unsuccessful attempts. Eight centuries facing the sea The port&#8217;s evolution over the centuries The construction of the harbor&#8217;s [&hellip;]<\/p>\n","protected":false},"author":1,"featured_media":776,"parent":0,"menu_order":0,"comment_status":"closed","ping_status":"closed","template":"","meta":{"_seopress_robots_primary_cat":"","_seopress_titles_title":"History of the Saint-Denis-d'Ol\u00e9ron marina","_seopress_titles_desc":"Explore the port of Saint-Denis-d'Ol\u00e9ron, a historic site transformed into a boater's paradise with the Pavillon Bleu label. Take advantage of its shops and services. ","_seopress_robots_index":"","_seopress_analysis_target_kw":"","inline_featured_image":false,"gt_fse_maillage_image":"https:\/\/www.port-oleron.com\/wp-content\/uploads\/2026\/04\/Arthur-Habudzik-Saint-Denis-d_Oleron-cabanes-histoire.jpg","gt_fse_maillage_titre":"History of the port","gt_fse_maillage_alt":"Arthur Habudzik Saint Denis Ol\u00e9ron cabanes history","gt_fse_maillage_resume":"","footnotes":""},"categories":[],"tags":[],"class_list":["post-1294","page","type-page","status-publish","has-post-thumbnail","hentry"],"_links":{"self":[{"href":"https:\/\/www.port-oleron.com\/en\/wp-json\/wp\/v2\/pages\/1294","targetHints":{"allow":["GET"]}}],"collection":[{"href":"https:\/\/www.port-oleron.com\/en\/wp-json\/wp\/v2\/pages"}],"about":[{"href":"https:\/\/www.port-oleron.com\/en\/wp-json\/wp\/v2\/types\/page"}],"author":[{"embeddable":true,"href":"https:\/\/www.port-oleron.com\/en\/wp-json\/wp\/v2\/users\/1"}],"replies":[{"embeddable":true,"href":"https:\/\/www.port-oleron.com\/en\/wp-json\/wp\/v2\/comments?post=1294"}],"version-history":[{"count":6,"href":"https:\/\/www.port-oleron.com\/en\/wp-json\/wp\/v2\/pages\/1294\/revisions"}],"predecessor-version":[{"id":1404,"href":"https:\/\/www.port-oleron.com\/en\/wp-json\/wp\/v2\/pages\/1294\/revisions\/1404"}],"wp:featuredmedia":[{"embeddable":true,"href":"https:\/\/www.port-oleron.com\/en\/wp-json\/wp\/v2\/media\/776"}],"wp:attachment":[{"href":"https:\/\/www.port-oleron.com\/en\/wp-json\/wp\/v2\/media?parent=1294"}],"wp:term":[{"taxonomy":"category","embeddable":true,"href":"https:\/\/www.port-oleron.com\/en\/wp-json\/wp\/v2\/categories?post=1294"},{"taxonomy":"post_tag","embeddable":true,"href":"https:\/\/www.port-oleron.com\/en\/wp-json\/wp\/v2\/tags?post=1294"}],"curies":[{"name":"wp","href":"https:\/\/api.w.org\/{rel}","templated":true}]}}