{"id":1303,"date":"2026-04-18T12:12:57","date_gmt":"2026-04-18T10:12:57","guid":{"rendered":"https:\/\/www.port-oleron.com\/mentions-legales\/"},"modified":"2026-05-11T15:04:59","modified_gmt":"2026-05-11T13:04:59","slug":"terms-of-use","status":"publish","type":"page","link":"https:\/\/www.port-oleron.com\/en\/terms-of-use\/","title":{"rendered":"Terms of use"},"content":{"rendered":"\n<div class=\"wp-block-group has-global-padding is-layout-constrained wp-block-group-is-layout-constrained\" style=\"padding-top:var(--wp--preset--spacing--50);padding-bottom:var(--wp--preset--spacing--50)\">\n<h2 class=\"wp-block-heading\">Terms of use<\/h2>\n\n\n\n<p><strong>Site manager<\/strong><\/p>\n\n\n\n<p>This website is the property of the Port de plaisance de Saint-Denis-d&#8217;Ol\u00e9ron<br\/>27 RUE DE LA LIB\u00c9RATION, 17650 SAINT-DENIS-D&#8217;OL\u00c9RON<br\/>Telephone: 05 46 47 97 97<br\/>Mail: accueil@port-oleron.com<br\/>Responsible for the publication and the website : The Mayor of Saint-Denis-d&#8217;Ol\u00e9ron : Joseph Huot<\/p>\n\n\n\n<p><strong>Intellectual property<\/strong><\/p>\n\n\n\n<p>This website and all its contents, including text, still or animated images, databases, programs, etc., are the property of the Mairie de Saint-Denis d&#8217;Ol\u00e9ron and are protected by copyright, are the property of the Mairie de Saint-Denis d&#8217;Ol\u00e9ron and are protected by copyright.<br\/>Reproduction or representation, in whole or in part, of the pages, data and any other element making up the site, by any process or medium whatsoever, is prohibited and constitutes, without prior authorization from the publisher, an infringement punishable by articles L335-2 et seq. of the French Intellectual Property Code.<br\/>Print-outs are authorized for private copying for the exclusive use of the copier within the meaning of article L. 122-5 2\u00b0 of the French Intellectual Property Code.<br\/>By way of exception, certain content (texts, images) are the property of their respective authors.<\/p>\n\n\n\n<p><strong>Use of information on the site<\/strong><\/p>\n\n\n\n<p>Users of this site are required to comply with the provisions of the French Data Protection Act (loi relative \u00e0 l&#8217;Informatique, aux fichiers et aux libert\u00e9s), any breach of which is punishable by criminal penalties.<br\/>In particular, they must refrain from collecting or misusing any personal information presented on the site, and in general from any act likely to infringe the privacy or reputation of individuals.<br\/><br\/>You have the right to access, modify, rectify and delete data concerning you in accordance with Article 34 of the French Data Protection Act (Loi &#8221; Informatique et Libert\u00e9s &#8221; n\u00b0 78-17 du 6 janvier 1978, modified on August 6, 2018). To exercise your right of access, simply send a written request to the site editor.<\/p>\n\n\n\n<p><strong>Photo credits :<\/strong><\/p>\n\n\n\n<ul class=\"wp-block-list\">\n<li><strong>Arthur Habudzik<\/strong><\/li>\n\n\n\n<li><strong>@ Sylvain Breffy<\/strong><\/li>\n<\/ul>\n\n\n\n<p><strong>The photos on this site are not free of copyright.<\/strong><\/p>\n\n\n\n<p><strong>Design and production, copywriting, graphics, architecture<\/strong><\/p>\n\n\n\n<p>GEEK TONIC<br\/>Represented by Mr Yohan Darmayan in his capacity as Manager<br\/>Registered office: 16 CHEMIN DE SABALCE 64100 BAYONNE<br\/>Tel: 05 32 74 11 53<br\/>E-mail: support@geek-tonic.com<br\/>Website <a href=\"https:\/\/www.geek-tonic.com\/\">www.geek-tonic.com<strong><br\/><\/strong><\/a> SIRET: 89746755100031<br\/>APE: 6201Z<\/p>\n\n\n\n<p><strong>LEGISLATION<\/strong><\/p>\n\n\n\n<p>In accordance with the law of March 11, 1957 (art. 41) and the intellectual property code of July 1, 1992, it is forbidden to reproduce any part of the site in whole or in part without prior authorization from the site editor. Logos, visuals, photos, videos, graphic charts and texts are the property of their respective owners. This site may be linked to other sites through hyperlinks. The site editor declines all responsibility for the information presented on these other sites. The Internet user acknowledges that use of this site is governed by French law.<\/p>\n<\/div>\n","protected":false},"excerpt":{"rendered":"<p>Terms of use Site manager This website is the property of the Port de plaisance de Saint-Denis-d&#8217;Ol\u00e9ron27 RUE DE LA LIB\u00c9RATION, 17650 SAINT-DENIS-D&#8217;OL\u00c9RONTelephone: 05 46 47 97 97Mail: accueil@port-oleron.comResponsible for the publication and the website : The Mayor of Saint-Denis-d&#8217;Ol\u00e9ron : Joseph Huot Intellectual property This website and all its contents, including text, still or [&hellip;]<\/p>\n","protected":false},"author":1,"featured_media":822,"parent":0,"menu_order":0,"comment_status":"closed","ping_status":"closed","template":"","meta":{"_seopress_robots_primary_cat":"","_seopress_titles_title":"Terms of use","_seopress_titles_desc":"Find out about intellectual property and your access rights on the Saint-Denis-d'Ol\u00e9ron Marina website.","_seopress_robots_index":"yes","_seopress_analysis_target_kw":"","inline_featured_image":false,"gt_fse_maillage_image":"https:\/\/www.port-oleron.com\/wp-content\/uploads\/2026\/04\/\u00a9\ufe0f-Arthur-Habudzik-equipement-bateaux-port-saint-denis-oleron.jpg","gt_fse_maillage_titre":"Auto draft","gt_fse_maillage_alt":"Auto draft","gt_fse_maillage_resume":"","footnotes":""},"categories":[],"tags":[],"class_list":["post-1303","page","type-page","status-publish","has-post-thumbnail","hentry"],"_links":{"self":[{"href":"https:\/\/www.port-oleron.com\/en\/wp-json\/wp\/v2\/pages\/1303","targetHints":{"allow":["GET"]}}],"collection":[{"href":"https:\/\/www.port-oleron.com\/en\/wp-json\/wp\/v2\/pages"}],"about":[{"href":"https:\/\/www.port-oleron.com\/en\/wp-json\/wp\/v2\/types\/page"}],"author":[{"embeddable":true,"href":"https:\/\/www.port-oleron.com\/en\/wp-json\/wp\/v2\/users\/1"}],"replies":[{"embeddable":true,"href":"https:\/\/www.port-oleron.com\/en\/wp-json\/wp\/v2\/comments?post=1303"}],"version-history":[{"count":6,"href":"https:\/\/www.port-oleron.com\/en\/wp-json\/wp\/v2\/pages\/1303\/revisions"}],"predecessor-version":[{"id":1354,"href":"https:\/\/www.port-oleron.com\/en\/wp-json\/wp\/v2\/pages\/1303\/revisions\/1354"}],"wp:featuredmedia":[{"embeddable":true,"href":"https:\/\/www.port-oleron.com\/en\/wp-json\/wp\/v2\/media\/822"}],"wp:attachment":[{"href":"https:\/\/www.port-oleron.com\/en\/wp-json\/wp\/v2\/media?parent=1303"}],"wp:term":[{"taxonomy":"category","embeddable":true,"href":"https:\/\/www.port-oleron.com\/en\/wp-json\/wp\/v2\/categories?post=1303"},{"taxonomy":"post_tag","embeddable":true,"href":"https:\/\/www.port-oleron.com\/en\/wp-json\/wp\/v2\/tags?post=1303"}],"curies":[{"name":"wp","href":"https:\/\/api.w.org\/{rel}","templated":true}]}}